{"id":4757,"date":"2026-01-29T08:48:08","date_gmt":"2026-01-29T13:48:08","guid":{"rendered":"https:\/\/grupoamen.org\/?page_id=4757"},"modified":"2026-01-29T08:49:48","modified_gmt":"2026-01-29T13:49:48","slug":"presentacion-funstall","status":"publish","type":"page","link":"https:\/\/grupoamen.org\/?page_id=4757","title":{"rendered":"Presentaci\u00f3n Funstall"},"content":{"rendered":"\t\t<div data-elementor-type=\"wp-page\" data-elementor-id=\"4757\" class=\"elementor elementor-4757\">\n\t\t\t\t\t\t<section class=\"elementor-section elementor-top-section elementor-element elementor-element-3555a93 elementor-section-boxed elementor-section-height-default elementor-section-height-default\" data-id=\"3555a93\" data-element_type=\"section\" data-e-type=\"section\">\n\t\t\t\t\t\t<div class=\"elementor-container elementor-column-gap-default\">\n\t\t\t\t\t<div class=\"elementor-column elementor-col-100 elementor-top-column elementor-element elementor-element-ff10b68\" data-id=\"ff10b68\" data-element_type=\"column\" data-e-type=\"column\">\n\t\t\t<div class=\"elementor-widget-wrap elementor-element-populated\">\n\t\t\t\t\t\t<div class=\"elementor-element elementor-element-848b788 elementor-widget elementor-widget-spacer\" data-id=\"848b788\" data-element_type=\"widget\" data-e-type=\"widget\" data-widget_type=\"spacer.default\">\n\t\t\t\t<div class=\"elementor-widget-container\">\n\t\t\t\t\t\t\t<div class=\"elementor-spacer\">\n\t\t\t<div class=\"elementor-spacer-inner\"><\/div>\n\t\t<\/div>\n\t\t\t\t\t\t<\/div>\n\t\t\t\t<\/div>\n\t\t\t\t\t<\/div>\n\t\t<\/div>\n\t\t\t\t\t<\/div>\n\t\t<\/section>\n\t\t\t\t<section class=\"elementor-section elementor-top-section elementor-element elementor-element-353cd0d elementor-section-boxed elementor-section-height-default elementor-section-height-default\" data-id=\"353cd0d\" data-element_type=\"section\" data-e-type=\"section\">\n\t\t\t\t\t\t<div class=\"elementor-container elementor-column-gap-default\">\n\t\t\t\t\t<div class=\"elementor-column elementor-col-50 elementor-top-column elementor-element elementor-element-5e5badb\" data-id=\"5e5badb\" data-element_type=\"column\" data-e-type=\"column\">\n\t\t\t<div class=\"elementor-widget-wrap elementor-element-populated\">\n\t\t\t\t\t\t<div class=\"elementor-element elementor-element-168eaa9 elementor-widget__width-initial elementor-widget elementor-widget-heading\" data-id=\"168eaa9\" data-element_type=\"widget\" data-e-type=\"widget\" data-widget_type=\"heading.default\">\n\t\t\t\t<div class=\"elementor-widget-container\">\n\t\t\t\t\t<h2 class=\"elementor-heading-title elementor-size-default\"><br><br>Funstall<\/h2>\t\t\t\t<\/div>\n\t\t\t\t<\/div>\n\t\t\t\t\t<\/div>\n\t\t<\/div>\n\t\t\t\t<div class=\"elementor-column elementor-col-50 elementor-top-column elementor-element elementor-element-8dba411\" data-id=\"8dba411\" data-element_type=\"column\" data-e-type=\"column\">\n\t\t\t<div class=\"elementor-widget-wrap elementor-element-populated\">\n\t\t\t\t\t\t<div class=\"elementor-element elementor-element-a4b24e0 elementor-widget elementor-widget-image\" data-id=\"a4b24e0\" data-element_type=\"widget\" data-e-type=\"widget\" data-widget_type=\"image.default\">\n\t\t\t\t<div class=\"elementor-widget-container\">\n\t\t\t\t\t\t\t\t\t\t\t\t\t\t\t<img fetchpriority=\"high\" decoding=\"async\" width=\"1024\" height=\"446\" src=\"https:\/\/grupoamen.org\/wp-content\/uploads\/2026\/01\/Funstall-1-1024x446.webp\" class=\"attachment-large size-large wp-image-4762\" alt=\"\" srcset=\"https:\/\/grupoamen.org\/wp-content\/uploads\/2026\/01\/Funstall-1-1024x446.webp 1024w, https:\/\/grupoamen.org\/wp-content\/uploads\/2026\/01\/Funstall-1-300x131.webp 300w, https:\/\/grupoamen.org\/wp-content\/uploads\/2026\/01\/Funstall-1-768x334.webp 768w, https:\/\/grupoamen.org\/wp-content\/uploads\/2026\/01\/Funstall-1.webp 1282w\" sizes=\"(max-width: 1024px) 100vw, 1024px\" \/>\t\t\t\t\t\t\t\t\t\t\t\t\t\t\t<\/div>\n\t\t\t\t<\/div>\n\t\t\t\t\t<\/div>\n\t\t<\/div>\n\t\t\t\t\t<\/div>\n\t\t<\/section>\n\t\t\t\t<section class=\"elementor-section elementor-top-section elementor-element elementor-element-02d9850 elementor-section-boxed elementor-section-height-default elementor-section-height-default\" data-id=\"02d9850\" data-element_type=\"section\" data-e-type=\"section\">\n\t\t\t\t\t\t<div class=\"elementor-container elementor-column-gap-default\">\n\t\t\t\t\t<div class=\"elementor-column elementor-col-100 elementor-top-column elementor-element elementor-element-5945447\" data-id=\"5945447\" data-element_type=\"column\" data-e-type=\"column\">\n\t\t\t<div class=\"elementor-widget-wrap elementor-element-populated\">\n\t\t\t\t\t\t<div class=\"elementor-element elementor-element-4ca199b elementor-widget elementor-widget-spacer\" data-id=\"4ca199b\" data-element_type=\"widget\" data-e-type=\"widget\" data-widget_type=\"spacer.default\">\n\t\t\t\t<div class=\"elementor-widget-container\">\n\t\t\t\t\t\t\t<div class=\"elementor-spacer\">\n\t\t\t<div class=\"elementor-spacer-inner\"><\/div>\n\t\t<\/div>\n\t\t\t\t\t\t<\/div>\n\t\t\t\t<\/div>\n\t\t\t\t\t<\/div>\n\t\t<\/div>\n\t\t\t\t\t<\/div>\n\t\t<\/section>\n\t\t\t\t<section class=\"elementor-section elementor-top-section elementor-element elementor-element-c32a598 elementor-section-boxed elementor-section-height-default elementor-section-height-default\" data-id=\"c32a598\" data-element_type=\"section\" data-e-type=\"section\">\n\t\t\t\t\t\t<div class=\"elementor-container elementor-column-gap-default\">\n\t\t\t\t\t<div class=\"elementor-column elementor-col-50 elementor-top-column elementor-element elementor-element-6937b01\" data-id=\"6937b01\" data-element_type=\"column\" data-e-type=\"column\">\n\t\t\t<div class=\"elementor-widget-wrap elementor-element-populated\">\n\t\t\t\t\t\t<div class=\"elementor-element elementor-element-e05be59 elementor-widget__width-initial elementor-widget elementor-widget-text-editor\" data-id=\"e05be59\" data-element_type=\"widget\" data-e-type=\"widget\" data-widget_type=\"text-editor.default\">\n\t\t\t\t<div class=\"elementor-widget-container\">\n\t\t\t\t\t\t\t\t\t<p>La Fundaci\u00f3n Salud Taller \u2013 FUNSTALL es una casa hogar con m\u00e1s de 25 a\u00f1os de experiencia dedicada al acompa\u00f1amiento integral de ni\u00f1os y ni\u00f1as entre 0 y 10 a\u00f1os que llegan a Bogot\u00e1 para recibir tratamientos m\u00e9dicos de alta complejidad o alto costo, junto con sus madres o cuidadoras. Desde su creaci\u00f3n en 1994, FUNSTALL ha brindado acogida, alojamiento, alimentaci\u00f3n y cuidado digno a familias en condici\u00f3n de pobreza, convirti\u00e9ndose en un espacio seguro y humano durante uno de los momentos m\u00e1s dif\u00edciles de sus vidas.<\/p><p>\u00a0<\/p><p>M\u00e1s all\u00e1 de ser un lugar de estad\u00eda, FUNSTALL promueve el bienestar f\u00edsico, emocional y psicosocial de los ni\u00f1os y sus cuidadoras, mediante talleres de crecimiento personal y el acompa\u00f1amiento de un equipo interdisciplinario. Con una trayectoria que incluye la atenci\u00f3n de m\u00e1s de 780 ni\u00f1os con diagn\u00f3stico de c\u00e1ncer, la Fundaci\u00f3n se proyecta como una organizaci\u00f3n solidaria y sostenible, comprometida con la reducci\u00f3n de la pobreza multidimensional y con la construcci\u00f3n de redes de apoyo que fortalecen la esperanza, la dignidad y la calidad de vida de sus beneficiarios.<\/p>\t\t\t\t\t\t\t\t<\/div>\n\t\t\t\t<\/div>\n\t\t\t\t<div class=\"elementor-element elementor-element-c23cd74 elementor-widget elementor-widget-spacer\" data-id=\"c23cd74\" data-element_type=\"widget\" data-e-type=\"widget\" data-widget_type=\"spacer.default\">\n\t\t\t\t<div class=\"elementor-widget-container\">\n\t\t\t\t\t\t\t<div class=\"elementor-spacer\">\n\t\t\t<div class=\"elementor-spacer-inner\"><\/div>\n\t\t<\/div>\n\t\t\t\t\t\t<\/div>\n\t\t\t\t<\/div>\n\t\t\t\t<div class=\"elementor-element elementor-element-106a28f elementor-widget elementor-widget-button\" data-id=\"106a28f\" data-element_type=\"widget\" data-e-type=\"widget\" data-widget_type=\"button.default\">\n\t\t\t\t<div class=\"elementor-widget-container\">\n\t\t\t\t\t\t\t\t\t<div class=\"elementor-button-wrapper\">\n\t\t\t\t\t<a class=\"elementor-button elementor-button-link elementor-size-sm\" href=\"https:\/\/www.fundacionfunstall.org\/\" target=\"_blank\" rel=\"noopener\">\n\t\t\t\t\t\t<span class=\"elementor-button-content-wrapper\">\n\t\t\t\t\t\t\t\t\t<span class=\"elementor-button-text\">Conoce m\u00e1s<\/span>\n\t\t\t\t\t<\/span>\n\t\t\t\t\t<\/a>\n\t\t\t\t<\/div>\n\t\t\t\t\t\t\t\t<\/div>\n\t\t\t\t<\/div>\n\t\t\t\t\t<\/div>\n\t\t<\/div>\n\t\t\t\t<div class=\"elementor-column elementor-col-50 elementor-top-column elementor-element elementor-element-1373de2\" data-id=\"1373de2\" data-element_type=\"column\" data-e-type=\"column\">\n\t\t\t<div class=\"elementor-widget-wrap elementor-element-populated\">\n\t\t\t\t\t\t<div class=\"elementor-element elementor-element-d644162 elementor-widget elementor-widget-image\" data-id=\"d644162\" data-element_type=\"widget\" data-e-type=\"widget\" data-widget_type=\"image.default\">\n\t\t\t\t<div class=\"elementor-widget-container\">\n\t\t\t\t\t\t\t\t\t\t\t\t\t\t\t<img decoding=\"async\" width=\"768\" height=\"1024\" src=\"https:\/\/grupoamen.org\/wp-content\/uploads\/2026\/01\/Funstal_1-768x1024.webp\" class=\"attachment-large size-large wp-image-4764\" alt=\"\" srcset=\"https:\/\/grupoamen.org\/wp-content\/uploads\/2026\/01\/Funstal_1-768x1024.webp 768w, https:\/\/grupoamen.org\/wp-content\/uploads\/2026\/01\/Funstal_1-225x300.webp 225w, https:\/\/grupoamen.org\/wp-content\/uploads\/2026\/01\/Funstal_1.webp 960w\" sizes=\"(max-width: 768px) 100vw, 768px\" \/>\t\t\t\t\t\t\t\t\t\t\t\t\t\t\t<\/div>\n\t\t\t\t<\/div>\n\t\t\t\t<div class=\"elementor-element elementor-element-cb1d320 elementor-widget elementor-widget-spacer\" data-id=\"cb1d320\" data-element_type=\"widget\" data-e-type=\"widget\" data-widget_type=\"spacer.default\">\n\t\t\t\t<div class=\"elementor-widget-container\">\n\t\t\t\t\t\t\t<div class=\"elementor-spacer\">\n\t\t\t<div class=\"elementor-spacer-inner\"><\/div>\n\t\t<\/div>\n\t\t\t\t\t\t<\/div>\n\t\t\t\t<\/div>\n\t\t\t\t<div class=\"elementor-element elementor-element-b9eef01 elementor-widget elementor-widget-image\" data-id=\"b9eef01\" data-element_type=\"widget\" data-e-type=\"widget\" data-widget_type=\"image.default\">\n\t\t\t\t<div class=\"elementor-widget-container\">\n\t\t\t\t\t\t\t\t\t\t\t\t\t\t\t<img decoding=\"async\" width=\"768\" height=\"1024\" src=\"https:\/\/grupoamen.org\/wp-content\/uploads\/2026\/01\/Funstall_2-768x1024.webp\" class=\"attachment-large size-large wp-image-4763\" alt=\"\" srcset=\"https:\/\/grupoamen.org\/wp-content\/uploads\/2026\/01\/Funstall_2-768x1024.webp 768w, https:\/\/grupoamen.org\/wp-content\/uploads\/2026\/01\/Funstall_2-225x300.webp 225w, https:\/\/grupoamen.org\/wp-content\/uploads\/2026\/01\/Funstall_2.webp 960w\" sizes=\"(max-width: 768px) 100vw, 768px\" \/>\t\t\t\t\t\t\t\t\t\t\t\t\t\t\t<\/div>\n\t\t\t\t<\/div>\n\t\t\t\t\t<\/div>\n\t\t<\/div>\n\t\t\t\t\t<\/div>\n\t\t<\/section>\n\t\t\t\t<section class=\"elementor-section elementor-top-section elementor-element elementor-element-4332251 elementor-section-boxed elementor-section-height-default elementor-section-height-default\" data-id=\"4332251\" data-element_type=\"section\" data-e-type=\"section\">\n\t\t\t\t\t\t<div class=\"elementor-container elementor-column-gap-default\">\n\t\t\t\t\t<div class=\"elementor-column elementor-col-100 elementor-top-column elementor-element elementor-element-1105478\" data-id=\"1105478\" data-element_type=\"column\" data-e-type=\"column\">\n\t\t\t<div class=\"elementor-widget-wrap elementor-element-populated\">\n\t\t\t\t\t\t<div class=\"elementor-element elementor-element-fffc2f4 elementor-widget elementor-widget-spacer\" data-id=\"fffc2f4\" data-element_type=\"widget\" data-e-type=\"widget\" data-widget_type=\"spacer.default\">\n\t\t\t\t<div class=\"elementor-widget-container\">\n\t\t\t\t\t\t\t<div class=\"elementor-spacer\">\n\t\t\t<div class=\"elementor-spacer-inner\"><\/div>\n\t\t<\/div>\n\t\t\t\t\t\t<\/div>\n\t\t\t\t<\/div>\n\t\t\t\t\t<\/div>\n\t\t<\/div>\n\t\t\t\t\t<\/div>\n\t\t<\/section>\n\t\t\t\t<section class=\"elementor-section elementor-top-section elementor-element elementor-element-39d322f elementor-section-boxed elementor-section-height-default elementor-section-height-default\" data-id=\"39d322f\" data-element_type=\"section\" data-e-type=\"section\">\n\t\t\t\t\t\t<div class=\"elementor-container elementor-column-gap-default\">\n\t\t\t\t\t<div class=\"elementor-column elementor-col-100 elementor-top-column elementor-element elementor-element-1c28569\" data-id=\"1c28569\" data-element_type=\"column\" data-e-type=\"column\">\n\t\t\t<div class=\"elementor-widget-wrap elementor-element-populated\">\n\t\t\t\t\t\t<div class=\"elementor-element elementor-element-e02ea28 elementor-widget elementor-widget-heading\" data-id=\"e02ea28\" data-element_type=\"widget\" data-e-type=\"widget\" data-widget_type=\"heading.default\">\n\t\t\t\t<div class=\"elementor-widget-container\">\n\t\t\t\t\t<h2 class=\"elementor-heading-title elementor-size-default\">Cont\u00e1ctanos<\/h2>\t\t\t\t<\/div>\n\t\t\t\t<\/div>\n\t\t\t\t\t<\/div>\n\t\t<\/div>\n\t\t\t\t\t<\/div>\n\t\t<\/section>\n\t\t\t\t<section class=\"elementor-section elementor-top-section elementor-element elementor-element-0e89e75 elementor-section-boxed elementor-section-height-default elementor-section-height-default\" data-id=\"0e89e75\" data-element_type=\"section\" data-e-type=\"section\">\n\t\t\t\t\t\t<div class=\"elementor-container elementor-column-gap-default\">\n\t\t\t\t\t<div class=\"elementor-column elementor-col-50 elementor-top-column elementor-element elementor-element-0b31a9c\" data-id=\"0b31a9c\" data-element_type=\"column\" data-e-type=\"column\">\n\t\t\t<div class=\"elementor-widget-wrap elementor-element-populated\">\n\t\t\t\t\t\t<div class=\"elementor-element elementor-element-1561945 elementor-widget__width-initial elementor-widget elementor-widget-text-editor\" data-id=\"1561945\" data-element_type=\"widget\" data-e-type=\"widget\" data-widget_type=\"text-editor.default\">\n\t\t\t\t<div class=\"elementor-widget-container\">\n\t\t\t\t\t\t\t\t\t<p><strong><span class=\"TextRun SCXW141343073 BCX0\" lang=\"ES-ES\" xml:lang=\"ES-ES\" data-contrast=\"auto\"><span class=\"NormalTextRun SCXW141343073 BCX0\">Luisa Moreno<\/span><\/span><\/strong><\/p><p>Directora<\/p><p style=\"text-align: left;\"><span data-olk-copy-source=\"MessageBody\">350 6695573 &#8211; 304 2422542<\/span><\/p><p>directora@fundacionfunstall.org<\/p>\t\t\t\t\t\t\t\t<\/div>\n\t\t\t\t<\/div>\n\t\t\t\t\t<\/div>\n\t\t<\/div>\n\t\t\t\t<div class=\"elementor-column elementor-col-50 elementor-top-column elementor-element elementor-element-ed68236\" data-id=\"ed68236\" data-element_type=\"column\" data-e-type=\"column\">\n\t\t\t<div class=\"elementor-widget-wrap elementor-element-populated\">\n\t\t\t\t\t\t<div class=\"elementor-element elementor-element-91bf61a elementor-widget elementor-widget-spacer\" data-id=\"91bf61a\" data-element_type=\"widget\" data-e-type=\"widget\" data-widget_type=\"spacer.default\">\n\t\t\t\t<div class=\"elementor-widget-container\">\n\t\t\t\t\t\t\t<div class=\"elementor-spacer\">\n\t\t\t<div class=\"elementor-spacer-inner\"><\/div>\n\t\t<\/div>\n\t\t\t\t\t\t<\/div>\n\t\t\t\t<\/div>\n\t\t\t\t\t<\/div>\n\t\t<\/div>\n\t\t\t\t\t<\/div>\n\t\t<\/section>\n\t\t\t\t<section class=\"elementor-section elementor-top-section elementor-element elementor-element-34d7bbf elementor-section-boxed elementor-section-height-default elementor-section-height-default\" data-id=\"34d7bbf\" data-element_type=\"section\" data-e-type=\"section\">\n\t\t\t\t\t\t<div class=\"elementor-container elementor-column-gap-default\">\n\t\t\t\t\t<div class=\"elementor-column elementor-col-100 elementor-top-column elementor-element elementor-element-c76905a\" data-id=\"c76905a\" data-element_type=\"column\" data-e-type=\"column\">\n\t\t\t<div class=\"elementor-widget-wrap elementor-element-populated\">\n\t\t\t\t\t\t<div class=\"elementor-element elementor-element-bc455be elementor-widget elementor-widget-spacer\" data-id=\"bc455be\" data-element_type=\"widget\" data-e-type=\"widget\" data-widget_type=\"spacer.default\">\n\t\t\t\t<div class=\"elementor-widget-container\">\n\t\t\t\t\t\t\t<div class=\"elementor-spacer\">\n\t\t\t<div class=\"elementor-spacer-inner\"><\/div>\n\t\t<\/div>\n\t\t\t\t\t\t<\/div>\n\t\t\t\t<\/div>\n\t\t\t\t\t<\/div>\n\t\t<\/div>\n\t\t\t\t\t<\/div>\n\t\t<\/section>\n\t\t\t\t<\/div>\n\t\t","protected":false},"excerpt":{"rendered":"<p>Funstall La Fundaci\u00f3n Salud Taller \u2013 FUNSTALL es una casa hogar con m\u00e1s de 25 a\u00f1os de experiencia dedicada al acompa\u00f1amiento integral de ni\u00f1os y ni\u00f1as entre 0 y 10 a\u00f1os que llegan a Bogot\u00e1 para recibir tratamientos m\u00e9dicos de alta complejidad o alto costo, junto con sus madres o cuidadoras. Desde su creaci\u00f3n en&hellip;&nbsp;<a href=\"https:\/\/grupoamen.org\/?page_id=4757\" rel=\"bookmark\">Leer m\u00e1s &raquo;<span class=\"screen-reader-text\">Presentaci\u00f3n Funstall<\/span><\/a><\/p>\n","protected":false},"author":1,"featured_media":0,"parent":0,"menu_order":0,"comment_status":"closed","ping_status":"closed","template":"page-templates\/template-pagebuilder-full-width.php","meta":{"neve_meta_sidebar":"","neve_meta_container":"","neve_meta_enable_content_width":"","neve_meta_content_width":0,"neve_meta_title_alignment":"","neve_meta_author_avatar":"","neve_post_elements_order":"","neve_meta_disable_header":"","neve_meta_disable_footer":"","neve_meta_disable_title":"","footnotes":""},"class_list":["post-4757","page","type-page","status-publish","hentry"],"_links":{"self":[{"href":"https:\/\/grupoamen.org\/index.php?rest_route=\/wp\/v2\/pages\/4757","targetHints":{"allow":["GET"]}}],"collection":[{"href":"https:\/\/grupoamen.org\/index.php?rest_route=\/wp\/v2\/pages"}],"about":[{"href":"https:\/\/grupoamen.org\/index.php?rest_route=\/wp\/v2\/types\/page"}],"author":[{"embeddable":true,"href":"https:\/\/grupoamen.org\/index.php?rest_route=\/wp\/v2\/users\/1"}],"replies":[{"embeddable":true,"href":"https:\/\/grupoamen.org\/index.php?rest_route=%2Fwp%2Fv2%2Fcomments&post=4757"}],"version-history":[{"count":4,"href":"https:\/\/grupoamen.org\/index.php?rest_route=\/wp\/v2\/pages\/4757\/revisions"}],"predecessor-version":[{"id":4767,"href":"https:\/\/grupoamen.org\/index.php?rest_route=\/wp\/v2\/pages\/4757\/revisions\/4767"}],"wp:attachment":[{"href":"https:\/\/grupoamen.org\/index.php?rest_route=%2Fwp%2Fv2%2Fmedia&parent=4757"}],"curies":[{"name":"wp","href":"https:\/\/api.w.org\/{rel}","templated":true}]}}