{"id":4684,"date":"2026-04-16T16:13:54","date_gmt":"2026-04-16T21:13:54","guid":{"rendered":"https:\/\/grupoamen.org\/?page_id=4684"},"modified":"2026-04-16T16:50:13","modified_gmt":"2026-04-16T21:50:13","slug":"presentacion-plantilla-2","status":"publish","type":"page","link":"https:\/\/grupoamen.org\/?page_id=4684","title":{"rendered":"Presentaci\u00f3n TECHO"},"content":{"rendered":"\t\t<div data-elementor-type=\"wp-page\" data-elementor-id=\"4684\" class=\"elementor elementor-4684\">\n\t\t\t\t\t\t<section class=\"elementor-section elementor-top-section elementor-element elementor-element-3555a93 elementor-section-boxed elementor-section-height-default elementor-section-height-default\" data-id=\"3555a93\" data-element_type=\"section\" data-e-type=\"section\">\n\t\t\t\t\t\t<div class=\"elementor-container elementor-column-gap-default\">\n\t\t\t\t\t<div class=\"elementor-column elementor-col-100 elementor-top-column elementor-element elementor-element-ff10b68\" data-id=\"ff10b68\" data-element_type=\"column\" data-e-type=\"column\">\n\t\t\t<div class=\"elementor-widget-wrap elementor-element-populated\">\n\t\t\t\t\t\t<div class=\"elementor-element elementor-element-848b788 elementor-widget elementor-widget-spacer\" data-id=\"848b788\" data-element_type=\"widget\" data-e-type=\"widget\" data-widget_type=\"spacer.default\">\n\t\t\t\t<div class=\"elementor-widget-container\">\n\t\t\t\t\t\t\t<div class=\"elementor-spacer\">\n\t\t\t<div class=\"elementor-spacer-inner\"><\/div>\n\t\t<\/div>\n\t\t\t\t\t\t<\/div>\n\t\t\t\t<\/div>\n\t\t\t\t\t<\/div>\n\t\t<\/div>\n\t\t\t\t\t<\/div>\n\t\t<\/section>\n\t\t\t\t<section class=\"elementor-section elementor-top-section elementor-element elementor-element-353cd0d elementor-section-boxed elementor-section-height-default elementor-section-height-default\" data-id=\"353cd0d\" data-element_type=\"section\" data-e-type=\"section\">\n\t\t\t\t\t\t<div class=\"elementor-container elementor-column-gap-default\">\n\t\t\t\t\t<div class=\"elementor-column elementor-col-50 elementor-top-column elementor-element elementor-element-5e5badb\" data-id=\"5e5badb\" data-element_type=\"column\" data-e-type=\"column\">\n\t\t\t<div class=\"elementor-widget-wrap elementor-element-populated\">\n\t\t\t\t\t\t<div class=\"elementor-element elementor-element-168eaa9 elementor-widget__width-initial elementor-widget elementor-widget-heading\" data-id=\"168eaa9\" data-element_type=\"widget\" data-e-type=\"widget\" data-widget_type=\"heading.default\">\n\t\t\t\t<div class=\"elementor-widget-container\">\n\t\t\t\t\t<h2 class=\"elementor-heading-title elementor-size-default\"><br><br>TECHO Colombia <\/h2>\t\t\t\t<\/div>\n\t\t\t\t<\/div>\n\t\t\t\t\t<\/div>\n\t\t<\/div>\n\t\t\t\t<div class=\"elementor-column elementor-col-50 elementor-top-column elementor-element elementor-element-8dba411\" data-id=\"8dba411\" data-element_type=\"column\" data-e-type=\"column\">\n\t\t\t<div class=\"elementor-widget-wrap elementor-element-populated\">\n\t\t\t\t\t\t<div class=\"elementor-element elementor-element-a4b24e0 elementor-widget__width-initial elementor-widget elementor-widget-image\" data-id=\"a4b24e0\" data-element_type=\"widget\" data-e-type=\"widget\" data-widget_type=\"image.default\">\n\t\t\t\t<div class=\"elementor-widget-container\">\n\t\t\t\t\t\t\t\t\t\t\t\t\t\t\t<img fetchpriority=\"high\" decoding=\"async\" width=\"800\" height=\"192\" src=\"https:\/\/grupoamen.org\/wp-content\/uploads\/2026\/04\/WhatsApp_Image_2026-04-07_at_4.46.54_PM__2_-removebg-preview.png\" class=\"attachment-large size-large wp-image-5066\" alt=\"\" srcset=\"https:\/\/grupoamen.org\/wp-content\/uploads\/2026\/04\/WhatsApp_Image_2026-04-07_at_4.46.54_PM__2_-removebg-preview.png 800w, https:\/\/grupoamen.org\/wp-content\/uploads\/2026\/04\/WhatsApp_Image_2026-04-07_at_4.46.54_PM__2_-removebg-preview-300x72.png 300w, https:\/\/grupoamen.org\/wp-content\/uploads\/2026\/04\/WhatsApp_Image_2026-04-07_at_4.46.54_PM__2_-removebg-preview-768x184.png 768w\" sizes=\"(max-width: 800px) 100vw, 800px\" \/>\t\t\t\t\t\t\t\t\t\t\t\t\t\t\t<\/div>\n\t\t\t\t<\/div>\n\t\t\t\t\t<\/div>\n\t\t<\/div>\n\t\t\t\t\t<\/div>\n\t\t<\/section>\n\t\t\t\t<section class=\"elementor-section elementor-top-section elementor-element elementor-element-c32a598 elementor-section-boxed elementor-section-height-default elementor-section-height-default\" data-id=\"c32a598\" data-element_type=\"section\" data-e-type=\"section\">\n\t\t\t\t\t\t<div class=\"elementor-container elementor-column-gap-default\">\n\t\t\t\t\t<div class=\"elementor-column elementor-col-50 elementor-top-column elementor-element elementor-element-6937b01\" data-id=\"6937b01\" data-element_type=\"column\" data-e-type=\"column\">\n\t\t\t<div class=\"elementor-widget-wrap elementor-element-populated\">\n\t\t\t\t\t\t<div class=\"elementor-element elementor-element-e05be59 elementor-widget__width-initial elementor-widget elementor-widget-text-editor\" data-id=\"e05be59\" data-element_type=\"widget\" data-e-type=\"widget\" data-widget_type=\"text-editor.default\">\n\t\t\t\t<div class=\"elementor-widget-container\">\n\t\t\t\t\t\t\t\t\t<p>\u00a0<\/p><p>Es una organizaci\u00f3n impulsada por la fuerza de j\u00f3venes voluntarios y voluntarias que, de la mano con los habitantes de asentamientos populares, trabajan para superar la pobreza que afecta a millones de personas en Am\u00e9rica Latina.<\/p><p>Desde su llegada al pa\u00eds en 2006, TECHO Colombia ha trabajado sin descanso en los asentamientos informales del pa\u00eds, y aunque se reconoce por la construcci\u00f3n de viviendas, la misi\u00f3n de TECHO trasciende el levantar paredes; buscando una transformaci\u00f3n integral del entorno, donde la juventud y las comunidades sean los verdaderos protagonistas del cambio, desarrollando soluciones de h\u00e1bitat y fortaleciendo las capacidades comunitarias.<\/p><p>Sin embargo, para esta organizaci\u00f3n una vivienda digna es solo el punto de partida, ya que abordar la pobreza exige soluciones en m\u00faltiples dimensiones: como lo es la salubridad, el acceso al agua, el h\u00e1bitat, el tejido social y la vivienda segura El verdadero poder de TECHO en Colombia radica en la relaci\u00f3n horizontal y fraterna que se forja entre los voluntarios y las familias, donde no existe el asistencialismo y mediante mesas de trabajo semanales, los voluntarios escuchan a los l\u00edderes comunitarios, identifican problem\u00e1ticas reales y co-crean soluciones. En este v\u00ednculo humano es donde nacen la esperanza y el empoderamiento social que el pa\u00eds necesita.<\/p>\t\t\t\t\t\t\t\t<\/div>\n\t\t\t\t<\/div>\n\t\t\t\t<div class=\"elementor-element elementor-element-4ca199b elementor-widget elementor-widget-spacer\" data-id=\"4ca199b\" data-element_type=\"widget\" data-e-type=\"widget\" data-widget_type=\"spacer.default\">\n\t\t\t\t<div class=\"elementor-widget-container\">\n\t\t\t\t\t\t\t<div class=\"elementor-spacer\">\n\t\t\t<div class=\"elementor-spacer-inner\"><\/div>\n\t\t<\/div>\n\t\t\t\t\t\t<\/div>\n\t\t\t\t<\/div>\n\t\t\t\t<div class=\"elementor-element elementor-element-106a28f elementor-widget elementor-widget-button\" data-id=\"106a28f\" data-element_type=\"widget\" data-e-type=\"widget\" data-widget_type=\"button.default\">\n\t\t\t\t<div class=\"elementor-widget-container\">\n\t\t\t\t\t\t\t\t\t<div class=\"elementor-button-wrapper\">\n\t\t\t\t\t<a class=\"elementor-button elementor-button-link elementor-size-sm\" href=\"https:\/\/colombia.techo.org\/\" target=\"_blank\" rel=\"noopener\">\n\t\t\t\t\t\t<span class=\"elementor-button-content-wrapper\">\n\t\t\t\t\t\t\t\t\t<span class=\"elementor-button-text\">Conoce m\u00e1s<\/span>\n\t\t\t\t\t<\/span>\n\t\t\t\t\t<\/a>\n\t\t\t\t<\/div>\n\t\t\t\t\t\t\t\t<\/div>\n\t\t\t\t<\/div>\n\t\t\t\t\t<\/div>\n\t\t<\/div>\n\t\t\t\t<div class=\"elementor-column elementor-col-50 elementor-top-column elementor-element elementor-element-1373de2\" data-id=\"1373de2\" data-element_type=\"column\" data-e-type=\"column\">\n\t\t\t<div class=\"elementor-widget-wrap elementor-element-populated\">\n\t\t\t\t\t\t<div class=\"elementor-element elementor-element-d644162 elementor-widget elementor-widget-image\" data-id=\"d644162\" data-element_type=\"widget\" data-e-type=\"widget\" data-widget_type=\"image.default\">\n\t\t\t\t<div class=\"elementor-widget-container\">\n\t\t\t\t\t\t\t\t\t\t\t\t\t\t\t<img decoding=\"async\" width=\"1024\" height=\"574\" src=\"https:\/\/grupoamen.org\/wp-content\/uploads\/2026\/04\/WhatsApp-Image-2026-04-16-at-4.08.32-PM-1024x574.jpeg\" class=\"attachment-large size-large wp-image-5063\" alt=\"\" srcset=\"https:\/\/grupoamen.org\/wp-content\/uploads\/2026\/04\/WhatsApp-Image-2026-04-16-at-4.08.32-PM-1024x574.jpeg 1024w, https:\/\/grupoamen.org\/wp-content\/uploads\/2026\/04\/WhatsApp-Image-2026-04-16-at-4.08.32-PM-300x168.jpeg 300w, https:\/\/grupoamen.org\/wp-content\/uploads\/2026\/04\/WhatsApp-Image-2026-04-16-at-4.08.32-PM-768x430.jpeg 768w, https:\/\/grupoamen.org\/wp-content\/uploads\/2026\/04\/WhatsApp-Image-2026-04-16-at-4.08.32-PM.jpeg 1058w\" sizes=\"(max-width: 1024px) 100vw, 1024px\" \/>\t\t\t\t\t\t\t\t\t\t\t\t\t\t\t<\/div>\n\t\t\t\t<\/div>\n\t\t\t\t<div class=\"elementor-element elementor-element-cb1d320 elementor-widget elementor-widget-spacer\" data-id=\"cb1d320\" data-element_type=\"widget\" data-e-type=\"widget\" data-widget_type=\"spacer.default\">\n\t\t\t\t<div class=\"elementor-widget-container\">\n\t\t\t\t\t\t\t<div class=\"elementor-spacer\">\n\t\t\t<div class=\"elementor-spacer-inner\"><\/div>\n\t\t<\/div>\n\t\t\t\t\t\t<\/div>\n\t\t\t\t<\/div>\n\t\t\t\t<div class=\"elementor-element elementor-element-b9eef01 elementor-widget elementor-widget-image\" data-id=\"b9eef01\" data-element_type=\"widget\" data-e-type=\"widget\" data-widget_type=\"image.default\">\n\t\t\t\t<div class=\"elementor-widget-container\">\n\t\t\t\t\t\t\t\t\t\t\t\t\t\t\t<img decoding=\"async\" width=\"1024\" height=\"573\" src=\"https:\/\/grupoamen.org\/wp-content\/uploads\/2026\/04\/WhatsApp-Image-2026-04-16-at-4.07.48-PM-1024x573.jpeg\" class=\"attachment-large size-large wp-image-5065\" alt=\"\" srcset=\"https:\/\/grupoamen.org\/wp-content\/uploads\/2026\/04\/WhatsApp-Image-2026-04-16-at-4.07.48-PM-1024x573.jpeg 1024w, https:\/\/grupoamen.org\/wp-content\/uploads\/2026\/04\/WhatsApp-Image-2026-04-16-at-4.07.48-PM-300x168.jpeg 300w, https:\/\/grupoamen.org\/wp-content\/uploads\/2026\/04\/WhatsApp-Image-2026-04-16-at-4.07.48-PM-768x430.jpeg 768w, https:\/\/grupoamen.org\/wp-content\/uploads\/2026\/04\/WhatsApp-Image-2026-04-16-at-4.07.48-PM.jpeg 1060w\" sizes=\"(max-width: 1024px) 100vw, 1024px\" \/>\t\t\t\t\t\t\t\t\t\t\t\t\t\t\t<\/div>\n\t\t\t\t<\/div>\n\t\t\t\t\t<\/div>\n\t\t<\/div>\n\t\t\t\t\t<\/div>\n\t\t<\/section>\n\t\t\t\t<section class=\"elementor-section elementor-top-section elementor-element elementor-element-4332251 elementor-section-boxed elementor-section-height-default elementor-section-height-default\" data-id=\"4332251\" data-element_type=\"section\" data-e-type=\"section\">\n\t\t\t\t\t\t<div class=\"elementor-container elementor-column-gap-default\">\n\t\t\t\t\t<div class=\"elementor-column elementor-col-100 elementor-top-column elementor-element elementor-element-1105478\" data-id=\"1105478\" data-element_type=\"column\" data-e-type=\"column\">\n\t\t\t<div class=\"elementor-widget-wrap elementor-element-populated\">\n\t\t\t\t\t\t<div class=\"elementor-element elementor-element-fffc2f4 elementor-widget elementor-widget-spacer\" data-id=\"fffc2f4\" data-element_type=\"widget\" data-e-type=\"widget\" data-widget_type=\"spacer.default\">\n\t\t\t\t<div class=\"elementor-widget-container\">\n\t\t\t\t\t\t\t<div class=\"elementor-spacer\">\n\t\t\t<div class=\"elementor-spacer-inner\"><\/div>\n\t\t<\/div>\n\t\t\t\t\t\t<\/div>\n\t\t\t\t<\/div>\n\t\t\t\t\t<\/div>\n\t\t<\/div>\n\t\t\t\t\t<\/div>\n\t\t<\/section>\n\t\t\t\t<section class=\"elementor-section elementor-top-section elementor-element elementor-element-39d322f elementor-section-boxed elementor-section-height-default elementor-section-height-default\" data-id=\"39d322f\" data-element_type=\"section\" data-e-type=\"section\">\n\t\t\t\t\t\t<div class=\"elementor-container elementor-column-gap-default\">\n\t\t\t\t\t<div class=\"elementor-column elementor-col-100 elementor-top-column elementor-element elementor-element-1c28569\" data-id=\"1c28569\" data-element_type=\"column\" data-e-type=\"column\">\n\t\t\t<div class=\"elementor-widget-wrap elementor-element-populated\">\n\t\t\t\t\t\t<div class=\"elementor-element elementor-element-e02ea28 elementor-widget elementor-widget-heading\" data-id=\"e02ea28\" data-element_type=\"widget\" data-e-type=\"widget\" data-widget_type=\"heading.default\">\n\t\t\t\t<div class=\"elementor-widget-container\">\n\t\t\t\t\t<h2 class=\"elementor-heading-title elementor-size-default\">Cont\u00e1ctanos<\/h2>\t\t\t\t<\/div>\n\t\t\t\t<\/div>\n\t\t\t\t\t<\/div>\n\t\t<\/div>\n\t\t\t\t\t<\/div>\n\t\t<\/section>\n\t\t\t\t<section class=\"elementor-section elementor-top-section elementor-element elementor-element-0e89e75 elementor-section-boxed elementor-section-height-default elementor-section-height-default\" data-id=\"0e89e75\" data-element_type=\"section\" data-e-type=\"section\">\n\t\t\t\t\t\t<div class=\"elementor-container elementor-column-gap-default\">\n\t\t\t\t\t<div class=\"elementor-column elementor-col-50 elementor-top-column elementor-element elementor-element-0b31a9c\" data-id=\"0b31a9c\" data-element_type=\"column\" data-e-type=\"column\">\n\t\t\t<div class=\"elementor-widget-wrap elementor-element-populated\">\n\t\t\t\t\t\t<div class=\"elementor-element elementor-element-1561945 elementor-widget__width-initial elementor-widget elementor-widget-text-editor\" data-id=\"1561945\" data-element_type=\"widget\" data-e-type=\"widget\" data-widget_type=\"text-editor.default\">\n\t\t\t\t<div class=\"elementor-widget-container\">\n\t\t\t\t\t\t\t\t\t<p><b>Mauricio Prada Torrijos<\/b><\/p><p style=\"text-align: left;\">3015426885<\/p><p>mauricio.prada@techo.org\u00a0<\/p>\t\t\t\t\t\t\t\t<\/div>\n\t\t\t\t<\/div>\n\t\t\t\t<div class=\"elementor-element elementor-element-f51dd68 elementor-widget elementor-widget-spacer\" data-id=\"f51dd68\" data-element_type=\"widget\" data-e-type=\"widget\" data-widget_type=\"spacer.default\">\n\t\t\t\t<div class=\"elementor-widget-container\">\n\t\t\t\t\t\t\t<div class=\"elementor-spacer\">\n\t\t\t<div class=\"elementor-spacer-inner\"><\/div>\n\t\t<\/div>\n\t\t\t\t\t\t<\/div>\n\t\t\t\t<\/div>\n\t\t\t\t\t<\/div>\n\t\t<\/div>\n\t\t\t\t<div class=\"elementor-column elementor-col-50 elementor-top-column elementor-element elementor-element-ed68236\" data-id=\"ed68236\" data-element_type=\"column\" data-e-type=\"column\">\n\t\t\t<div class=\"elementor-widget-wrap elementor-element-populated\">\n\t\t\t\t\t\t<div class=\"elementor-element elementor-element-91bf61a elementor-widget elementor-widget-spacer\" data-id=\"91bf61a\" data-element_type=\"widget\" data-e-type=\"widget\" data-widget_type=\"spacer.default\">\n\t\t\t\t<div class=\"elementor-widget-container\">\n\t\t\t\t\t\t\t<div class=\"elementor-spacer\">\n\t\t\t<div class=\"elementor-spacer-inner\"><\/div>\n\t\t<\/div>\n\t\t\t\t\t\t<\/div>\n\t\t\t\t<\/div>\n\t\t\t\t\t<\/div>\n\t\t<\/div>\n\t\t\t\t\t<\/div>\n\t\t<\/section>\n\t\t\t\t<section class=\"elementor-section elementor-top-section elementor-element elementor-element-34d7bbf elementor-section-boxed elementor-section-height-default elementor-section-height-default\" data-id=\"34d7bbf\" data-element_type=\"section\" data-e-type=\"section\">\n\t\t\t\t\t\t<div class=\"elementor-container elementor-column-gap-default\">\n\t\t\t\t\t<div class=\"elementor-column elementor-col-100 elementor-top-column elementor-element elementor-element-c76905a\" data-id=\"c76905a\" data-element_type=\"column\" data-e-type=\"column\">\n\t\t\t<div class=\"elementor-widget-wrap\">\n\t\t\t\t\t\t\t<\/div>\n\t\t<\/div>\n\t\t\t\t\t<\/div>\n\t\t<\/section>\n\t\t\t\t<section class=\"elementor-section elementor-top-section elementor-element elementor-element-acd5f29 elementor-section-boxed elementor-section-height-default elementor-section-height-default\" data-id=\"acd5f29\" data-element_type=\"section\" data-e-type=\"section\">\n\t\t\t\t\t\t<div class=\"elementor-container elementor-column-gap-default\">\n\t\t\t\t\t<div class=\"elementor-column elementor-col-100 elementor-top-column elementor-element elementor-element-f481c95\" data-id=\"f481c95\" data-element_type=\"column\" data-e-type=\"column\">\n\t\t\t<div class=\"elementor-widget-wrap elementor-element-populated\">\n\t\t\t\t\t\t<div class=\"elementor-element elementor-element-7916fe7 elementor-widget elementor-widget-spacer\" data-id=\"7916fe7\" data-element_type=\"widget\" data-e-type=\"widget\" data-widget_type=\"spacer.default\">\n\t\t\t\t<div class=\"elementor-widget-container\">\n\t\t\t\t\t\t\t<div class=\"elementor-spacer\">\n\t\t\t<div class=\"elementor-spacer-inner\"><\/div>\n\t\t<\/div>\n\t\t\t\t\t\t<\/div>\n\t\t\t\t<\/div>\n\t\t\t\t\t<\/div>\n\t\t<\/div>\n\t\t\t\t\t<\/div>\n\t\t<\/section>\n\t\t\t\t<\/div>\n\t\t","protected":false},"excerpt":{"rendered":"<p>TECHO Colombia \u00a0 Es una organizaci\u00f3n impulsada por la fuerza de j\u00f3venes voluntarios y voluntarias que, de la mano con los habitantes de asentamientos populares, trabajan para superar la pobreza que afecta a millones de personas en Am\u00e9rica Latina. Desde su llegada al pa\u00eds en 2006, TECHO Colombia ha trabajado sin descanso en los asentamientos&hellip;&nbsp;<a href=\"https:\/\/grupoamen.org\/?page_id=4684\" rel=\"bookmark\">Leer m\u00e1s &raquo;<span class=\"screen-reader-text\">Presentaci\u00f3n TECHO<\/span><\/a><\/p>\n","protected":false},"author":1,"featured_media":0,"parent":0,"menu_order":0,"comment_status":"closed","ping_status":"closed","template":"page-templates\/template-pagebuilder-full-width.php","meta":{"neve_meta_sidebar":"","neve_meta_container":"","neve_meta_enable_content_width":"","neve_meta_content_width":0,"neve_meta_title_alignment":"","neve_meta_author_avatar":"","neve_post_elements_order":"","neve_meta_disable_header":"","neve_meta_disable_footer":"","neve_meta_disable_title":"","footnotes":""},"class_list":["post-4684","page","type-page","status-publish","hentry"],"_links":{"self":[{"href":"https:\/\/grupoamen.org\/index.php?rest_route=\/wp\/v2\/pages\/4684","targetHints":{"allow":["GET"]}}],"collection":[{"href":"https:\/\/grupoamen.org\/index.php?rest_route=\/wp\/v2\/pages"}],"about":[{"href":"https:\/\/grupoamen.org\/index.php?rest_route=\/wp\/v2\/types\/page"}],"author":[{"embeddable":true,"href":"https:\/\/grupoamen.org\/index.php?rest_route=\/wp\/v2\/users\/1"}],"replies":[{"embeddable":true,"href":"https:\/\/grupoamen.org\/index.php?rest_route=%2Fwp%2Fv2%2Fcomments&post=4684"}],"version-history":[{"count":33,"href":"https:\/\/grupoamen.org\/index.php?rest_route=\/wp\/v2\/pages\/4684\/revisions"}],"predecessor-version":[{"id":5109,"href":"https:\/\/grupoamen.org\/index.php?rest_route=\/wp\/v2\/pages\/4684\/revisions\/5109"}],"wp:attachment":[{"href":"https:\/\/grupoamen.org\/index.php?rest_route=%2Fwp%2Fv2%2Fmedia&parent=4684"}],"curies":[{"name":"wp","href":"https:\/\/api.w.org\/{rel}","templated":true}]}}