{"id":4286,"date":"2025-11-19T12:09:09","date_gmt":"2025-11-19T17:09:09","guid":{"rendered":"https:\/\/grupoamen.org\/?page_id=4286"},"modified":"2025-11-24T15:25:00","modified_gmt":"2025-11-24T20:25:00","slug":"presentacion-industrias-bisonte","status":"publish","type":"page","link":"https:\/\/grupoamen.org\/?page_id=4286","title":{"rendered":"Presentaci\u00f3n Industrias Bisonte"},"content":{"rendered":"\t\t<div data-elementor-type=\"wp-page\" data-elementor-id=\"4286\" class=\"elementor elementor-4286\">\n\t\t\t\t\t\t<section class=\"elementor-section elementor-top-section elementor-element elementor-element-3555a93 elementor-section-boxed elementor-section-height-default elementor-section-height-default\" data-id=\"3555a93\" data-element_type=\"section\" data-e-type=\"section\">\n\t\t\t\t\t\t<div class=\"elementor-container elementor-column-gap-default\">\n\t\t\t\t\t<div class=\"elementor-column elementor-col-100 elementor-top-column elementor-element elementor-element-ff10b68\" data-id=\"ff10b68\" data-element_type=\"column\" data-e-type=\"column\">\n\t\t\t<div class=\"elementor-widget-wrap elementor-element-populated\">\n\t\t\t\t\t\t<div class=\"elementor-element elementor-element-848b788 elementor-widget elementor-widget-spacer\" data-id=\"848b788\" data-element_type=\"widget\" data-e-type=\"widget\" data-widget_type=\"spacer.default\">\n\t\t\t\t<div class=\"elementor-widget-container\">\n\t\t\t\t\t\t\t<div class=\"elementor-spacer\">\n\t\t\t<div class=\"elementor-spacer-inner\"><\/div>\n\t\t<\/div>\n\t\t\t\t\t\t<\/div>\n\t\t\t\t<\/div>\n\t\t\t\t\t<\/div>\n\t\t<\/div>\n\t\t\t\t\t<\/div>\n\t\t<\/section>\n\t\t\t\t<section class=\"elementor-section elementor-top-section elementor-element elementor-element-353cd0d elementor-section-boxed elementor-section-height-default elementor-section-height-default\" data-id=\"353cd0d\" data-element_type=\"section\" data-e-type=\"section\">\n\t\t\t\t\t\t<div class=\"elementor-container elementor-column-gap-default\">\n\t\t\t\t\t<div class=\"elementor-column elementor-col-50 elementor-top-column elementor-element elementor-element-5e5badb\" data-id=\"5e5badb\" data-element_type=\"column\" data-e-type=\"column\">\n\t\t\t<div class=\"elementor-widget-wrap elementor-element-populated\">\n\t\t\t\t\t\t<div class=\"elementor-element elementor-element-168eaa9 elementor-widget elementor-widget-heading\" data-id=\"168eaa9\" data-element_type=\"widget\" data-e-type=\"widget\" data-widget_type=\"heading.default\">\n\t\t\t\t<div class=\"elementor-widget-container\">\n\t\t\t\t\t<h2 class=\"elementor-heading-title elementor-size-default\"><br><br> Industrias Bisonte S.A<\/h2>\t\t\t\t<\/div>\n\t\t\t\t<\/div>\n\t\t\t\t\t<\/div>\n\t\t<\/div>\n\t\t\t\t<div class=\"elementor-column elementor-col-50 elementor-top-column elementor-element elementor-element-8dba411\" data-id=\"8dba411\" data-element_type=\"column\" data-e-type=\"column\">\n\t\t\t<div class=\"elementor-widget-wrap elementor-element-populated\">\n\t\t\t\t\t\t<div class=\"elementor-element elementor-element-a4b24e0 elementor-widget elementor-widget-image\" data-id=\"a4b24e0\" data-element_type=\"widget\" data-e-type=\"widget\" data-widget_type=\"image.default\">\n\t\t\t\t<div class=\"elementor-widget-container\">\n\t\t\t\t\t\t\t\t\t\t\t\t\t\t\t<img fetchpriority=\"high\" decoding=\"async\" width=\"1024\" height=\"585\" src=\"https:\/\/grupoamen.org\/wp-content\/uploads\/2025\/11\/Logo-Industrias-Bisonte-S.A-1-Photoroom-1024x585.webp\" class=\"attachment-large size-large wp-image-4369\" alt=\"Logo Bisonte\" srcset=\"https:\/\/grupoamen.org\/wp-content\/uploads\/2025\/11\/Logo-Industrias-Bisonte-S.A-1-Photoroom-1024x585.webp 1024w, https:\/\/grupoamen.org\/wp-content\/uploads\/2025\/11\/Logo-Industrias-Bisonte-S.A-1-Photoroom-300x171.webp 300w, https:\/\/grupoamen.org\/wp-content\/uploads\/2025\/11\/Logo-Industrias-Bisonte-S.A-1-Photoroom-768x439.webp 768w, https:\/\/grupoamen.org\/wp-content\/uploads\/2025\/11\/Logo-Industrias-Bisonte-S.A-1-Photoroom.webp 1280w\" sizes=\"(max-width: 1024px) 100vw, 1024px\" \/>\t\t\t\t\t\t\t\t\t\t\t\t\t\t\t<\/div>\n\t\t\t\t<\/div>\n\t\t\t\t\t<\/div>\n\t\t<\/div>\n\t\t\t\t\t<\/div>\n\t\t<\/section>\n\t\t\t\t<section class=\"elementor-section elementor-top-section elementor-element elementor-element-02d9850 elementor-section-boxed elementor-section-height-default elementor-section-height-default\" data-id=\"02d9850\" data-element_type=\"section\" data-e-type=\"section\">\n\t\t\t\t\t\t<div class=\"elementor-container elementor-column-gap-default\">\n\t\t\t\t\t<div class=\"elementor-column elementor-col-100 elementor-top-column elementor-element elementor-element-5945447\" data-id=\"5945447\" data-element_type=\"column\" data-e-type=\"column\">\n\t\t\t<div class=\"elementor-widget-wrap elementor-element-populated\">\n\t\t\t\t\t\t<div class=\"elementor-element elementor-element-4ca199b elementor-widget elementor-widget-spacer\" data-id=\"4ca199b\" data-element_type=\"widget\" data-e-type=\"widget\" data-widget_type=\"spacer.default\">\n\t\t\t\t<div class=\"elementor-widget-container\">\n\t\t\t\t\t\t\t<div class=\"elementor-spacer\">\n\t\t\t<div class=\"elementor-spacer-inner\"><\/div>\n\t\t<\/div>\n\t\t\t\t\t\t<\/div>\n\t\t\t\t<\/div>\n\t\t\t\t\t<\/div>\n\t\t<\/div>\n\t\t\t\t\t<\/div>\n\t\t<\/section>\n\t\t\t\t<section class=\"elementor-section elementor-top-section elementor-element elementor-element-c32a598 elementor-section-boxed elementor-section-height-default elementor-section-height-default\" data-id=\"c32a598\" data-element_type=\"section\" data-e-type=\"section\">\n\t\t\t\t\t\t<div class=\"elementor-container elementor-column-gap-default\">\n\t\t\t\t\t<div class=\"elementor-column elementor-col-66 elementor-top-column elementor-element elementor-element-6937b01\" data-id=\"6937b01\" data-element_type=\"column\" data-e-type=\"column\">\n\t\t\t<div class=\"elementor-widget-wrap elementor-element-populated\">\n\t\t\t\t\t\t<div class=\"elementor-element elementor-element-e05be59 elementor-widget__width-initial elementor-widget elementor-widget-text-editor\" data-id=\"e05be59\" data-element_type=\"widget\" data-e-type=\"widget\" data-widget_type=\"text-editor.default\">\n\t\t\t\t<div class=\"elementor-widget-container\">\n\t\t\t\t\t\t\t\t\t<p data-start=\"231\" data-end=\"574\">Fundada en 1985 en Bogot\u00e1, <strong data-start=\"258\" data-end=\"280\">Industrias Bisonte<\/strong> es una empresa colombiana con amplia trayectoria en el dise\u00f1o, desarrollo y fabricaci\u00f3n de productos para el aseo del hogar y el cuidado personal. Durante cuatro d\u00e9cadas ha consolidado su liderazgo nacional e internacional gracias a la calidad, la innovaci\u00f3n y la satisfacci\u00f3n de sus clientes.<\/p><p data-start=\"576\" data-end=\"873\">Su portafolio incluye marcas europeas licenciadas, l\u00edneas propias y desarrollos exclusivos para marcas privadas. Ofrece un servicio integral que abarca desde la conceptualizaci\u00f3n del producto hasta su lanzamiento, incluyendo dise\u00f1o gr\u00e1fico, empaques y formulaci\u00f3n t\u00e9cnica con pruebas de desempe\u00f1o.<\/p><p data-start=\"576\" data-end=\"873\">\u00a0<\/p><p data-start=\"875\" data-end=\"1117\">La empresa tambi\u00e9n presta <strong data-start=\"901\" data-end=\"939\">servicios de maquila especializada<\/strong>, acompa\u00f1ando a sus aliados en todo el proceso de dise\u00f1o, desarrollo y producci\u00f3n de l\u00edneas de aseo y cuidado personal, garantizando soluciones eficientes, seguras y sostenibles.<\/p><p data-start=\"1119\" data-end=\"1344\">Como parte del <strong data-start=\"1134\" data-end=\"1148\">Grupo AMEN<\/strong>, Industrias Bisonte trabaja con un enfoque \u00e9tico, responsable y orientado al desarrollo social del pa\u00eds, aportando su experiencia para construir un futuro empresarial m\u00e1s consciente y sostenible.<\/p>\t\t\t\t\t\t\t\t<\/div>\n\t\t\t\t<\/div>\n\t\t\t\t\t<\/div>\n\t\t<\/div>\n\t\t\t\t<div class=\"elementor-column elementor-col-33 elementor-top-column elementor-element elementor-element-1373de2\" data-id=\"1373de2\" data-element_type=\"column\" data-e-type=\"column\">\n\t\t\t<div class=\"elementor-widget-wrap elementor-element-populated\">\n\t\t\t\t\t\t<div class=\"elementor-element elementor-element-d644162 elementor-widget elementor-widget-image\" data-id=\"d644162\" data-element_type=\"widget\" data-e-type=\"widget\" data-widget_type=\"image.default\">\n\t\t\t\t<div class=\"elementor-widget-container\">\n\t\t\t\t\t\t\t\t\t\t\t\t\t\t\t<img decoding=\"async\" width=\"1024\" height=\"683\" src=\"https:\/\/grupoamen.org\/wp-content\/uploads\/2025\/11\/Bisonte-1024x683.webp\" class=\"attachment-large size-large wp-image-4288\" alt=\"Padre Diego visitando industrias Bsionte\" srcset=\"https:\/\/grupoamen.org\/wp-content\/uploads\/2025\/11\/Bisonte-1024x683.webp 1024w, https:\/\/grupoamen.org\/wp-content\/uploads\/2025\/11\/Bisonte-300x200.webp 300w, https:\/\/grupoamen.org\/wp-content\/uploads\/2025\/11\/Bisonte-768x512.webp 768w, https:\/\/grupoamen.org\/wp-content\/uploads\/2025\/11\/Bisonte-930x620.webp 930w, https:\/\/grupoamen.org\/wp-content\/uploads\/2025\/11\/Bisonte.webp 1080w\" sizes=\"(max-width: 1024px) 100vw, 1024px\" \/>\t\t\t\t\t\t\t\t\t\t\t\t\t\t\t<\/div>\n\t\t\t\t<\/div>\n\t\t\t\t<div class=\"elementor-element elementor-element-cb1d320 elementor-widget elementor-widget-spacer\" data-id=\"cb1d320\" data-element_type=\"widget\" data-e-type=\"widget\" data-widget_type=\"spacer.default\">\n\t\t\t\t<div class=\"elementor-widget-container\">\n\t\t\t\t\t\t\t<div class=\"elementor-spacer\">\n\t\t\t<div class=\"elementor-spacer-inner\"><\/div>\n\t\t<\/div>\n\t\t\t\t\t\t<\/div>\n\t\t\t\t<\/div>\n\t\t\t\t<div class=\"elementor-element elementor-element-46af97c elementor-widget elementor-widget-image\" data-id=\"46af97c\" data-element_type=\"widget\" data-e-type=\"widget\" data-widget_type=\"image.default\">\n\t\t\t\t<div class=\"elementor-widget-container\">\n\t\t\t\t\t\t\t\t\t\t\t\t\t\t\t<img decoding=\"async\" width=\"1024\" height=\"683\" src=\"https:\/\/grupoamen.org\/wp-content\/uploads\/2025\/11\/Foto-grupal-Bisonte-1024x683.webp\" class=\"attachment-large size-large wp-image-4289\" alt=\"\" srcset=\"https:\/\/grupoamen.org\/wp-content\/uploads\/2025\/11\/Foto-grupal-Bisonte-1024x683.webp 1024w, https:\/\/grupoamen.org\/wp-content\/uploads\/2025\/11\/Foto-grupal-Bisonte-300x200.webp 300w, https:\/\/grupoamen.org\/wp-content\/uploads\/2025\/11\/Foto-grupal-Bisonte-768x512.webp 768w, https:\/\/grupoamen.org\/wp-content\/uploads\/2025\/11\/Foto-grupal-Bisonte-930x620.webp 930w, https:\/\/grupoamen.org\/wp-content\/uploads\/2025\/11\/Foto-grupal-Bisonte.webp 1080w\" sizes=\"(max-width: 1024px) 100vw, 1024px\" \/>\t\t\t\t\t\t\t\t\t\t\t\t\t\t\t<\/div>\n\t\t\t\t<\/div>\n\t\t\t\t\t<\/div>\n\t\t<\/div>\n\t\t\t\t\t<\/div>\n\t\t<\/section>\n\t\t\t\t<section class=\"elementor-section elementor-top-section elementor-element elementor-element-4332251 elementor-section-boxed elementor-section-height-default elementor-section-height-default\" data-id=\"4332251\" data-element_type=\"section\" data-e-type=\"section\">\n\t\t\t\t\t\t<div class=\"elementor-container elementor-column-gap-default\">\n\t\t\t\t\t<div class=\"elementor-column elementor-col-100 elementor-top-column elementor-element elementor-element-1105478\" data-id=\"1105478\" data-element_type=\"column\" data-e-type=\"column\">\n\t\t\t<div class=\"elementor-widget-wrap elementor-element-populated\">\n\t\t\t\t\t\t<div class=\"elementor-element elementor-element-fffc2f4 elementor-widget elementor-widget-spacer\" data-id=\"fffc2f4\" data-element_type=\"widget\" data-e-type=\"widget\" data-widget_type=\"spacer.default\">\n\t\t\t\t<div class=\"elementor-widget-container\">\n\t\t\t\t\t\t\t<div class=\"elementor-spacer\">\n\t\t\t<div class=\"elementor-spacer-inner\"><\/div>\n\t\t<\/div>\n\t\t\t\t\t\t<\/div>\n\t\t\t\t<\/div>\n\t\t\t\t\t<\/div>\n\t\t<\/div>\n\t\t\t\t\t<\/div>\n\t\t<\/section>\n\t\t\t\t<section class=\"elementor-section elementor-top-section elementor-element elementor-element-39d322f elementor-section-boxed elementor-section-height-default elementor-section-height-default\" data-id=\"39d322f\" data-element_type=\"section\" data-e-type=\"section\">\n\t\t\t\t\t\t<div class=\"elementor-container elementor-column-gap-default\">\n\t\t\t\t\t<div class=\"elementor-column elementor-col-100 elementor-top-column elementor-element elementor-element-1c28569\" data-id=\"1c28569\" data-element_type=\"column\" data-e-type=\"column\">\n\t\t\t<div class=\"elementor-widget-wrap elementor-element-populated\">\n\t\t\t\t\t\t<div class=\"elementor-element elementor-element-e02ea28 elementor-widget elementor-widget-heading\" data-id=\"e02ea28\" data-element_type=\"widget\" data-e-type=\"widget\" data-widget_type=\"heading.default\">\n\t\t\t\t<div class=\"elementor-widget-container\">\n\t\t\t\t\t<h2 class=\"elementor-heading-title elementor-size-default\">Cont\u00e1ctanos<\/h2>\t\t\t\t<\/div>\n\t\t\t\t<\/div>\n\t\t\t\t\t<\/div>\n\t\t<\/div>\n\t\t\t\t\t<\/div>\n\t\t<\/section>\n\t\t\t\t<section class=\"elementor-section elementor-top-section elementor-element elementor-element-0e89e75 elementor-section-boxed elementor-section-height-default elementor-section-height-default\" data-id=\"0e89e75\" data-element_type=\"section\" data-e-type=\"section\">\n\t\t\t\t\t\t<div class=\"elementor-container elementor-column-gap-default\">\n\t\t\t\t\t<div class=\"elementor-column elementor-col-50 elementor-top-column elementor-element elementor-element-0b31a9c\" data-id=\"0b31a9c\" data-element_type=\"column\" data-e-type=\"column\">\n\t\t\t<div class=\"elementor-widget-wrap elementor-element-populated\">\n\t\t\t\t\t\t<div class=\"elementor-element elementor-element-1561945 elementor-widget elementor-widget-text-editor\" data-id=\"1561945\" data-element_type=\"widget\" data-e-type=\"widget\" data-widget_type=\"text-editor.default\">\n\t\t\t\t<div class=\"elementor-widget-container\">\n\t\t\t\t\t\t\t\t\t<h5 style=\"text-align: left;\"><strong>Juan Camilo Rodriguez Elam\u00a0<\/strong><\/h5><p>Subgerente general<\/p><p>3133330187<\/p><p>Jcrodriguez@inbisonte.com<\/p>\t\t\t\t\t\t\t\t<\/div>\n\t\t\t\t<\/div>\n\t\t\t\t\t<\/div>\n\t\t<\/div>\n\t\t\t\t<div class=\"elementor-column elementor-col-50 elementor-top-column elementor-element elementor-element-9cde0a9\" data-id=\"9cde0a9\" data-element_type=\"column\" data-e-type=\"column\">\n\t\t\t<div class=\"elementor-widget-wrap\">\n\t\t\t\t\t\t\t<\/div>\n\t\t<\/div>\n\t\t\t\t\t<\/div>\n\t\t<\/section>\n\t\t\t\t<section class=\"elementor-section elementor-top-section elementor-element elementor-element-3b97383 elementor-section-boxed elementor-section-height-default elementor-section-height-default\" data-id=\"3b97383\" data-element_type=\"section\" data-e-type=\"section\">\n\t\t\t\t\t\t<div class=\"elementor-container elementor-column-gap-default\">\n\t\t\t\t\t<div class=\"elementor-column elementor-col-100 elementor-top-column elementor-element elementor-element-ed68236\" data-id=\"ed68236\" data-element_type=\"column\" data-e-type=\"column\">\n\t\t\t<div class=\"elementor-widget-wrap elementor-element-populated\">\n\t\t\t\t\t\t<div class=\"elementor-element elementor-element-91bf61a elementor-widget elementor-widget-spacer\" data-id=\"91bf61a\" data-element_type=\"widget\" data-e-type=\"widget\" data-widget_type=\"spacer.default\">\n\t\t\t\t<div class=\"elementor-widget-container\">\n\t\t\t\t\t\t\t<div class=\"elementor-spacer\">\n\t\t\t<div class=\"elementor-spacer-inner\"><\/div>\n\t\t<\/div>\n\t\t\t\t\t\t<\/div>\n\t\t\t\t<\/div>\n\t\t\t\t\t<\/div>\n\t\t<\/div>\n\t\t\t\t\t<\/div>\n\t\t<\/section>\n\t\t\t\t<\/div>\n\t\t","protected":false},"excerpt":{"rendered":"<p>Industrias Bisonte S.A Fundada en 1985 en Bogot\u00e1, Industrias Bisonte es una empresa colombiana con amplia trayectoria en el dise\u00f1o, desarrollo y fabricaci\u00f3n de productos para el aseo del hogar y el cuidado personal. Durante cuatro d\u00e9cadas ha consolidado su liderazgo nacional e internacional gracias a la calidad, la innovaci\u00f3n y la satisfacci\u00f3n de sus&hellip;&nbsp;<a href=\"https:\/\/grupoamen.org\/?page_id=4286\" rel=\"bookmark\">Leer m\u00e1s &raquo;<span class=\"screen-reader-text\">Presentaci\u00f3n Industrias Bisonte<\/span><\/a><\/p>\n","protected":false},"author":1,"featured_media":0,"parent":0,"menu_order":0,"comment_status":"closed","ping_status":"closed","template":"page-templates\/template-pagebuilder-full-width.php","meta":{"neve_meta_sidebar":"","neve_meta_container":"","neve_meta_enable_content_width":"","neve_meta_content_width":0,"neve_meta_title_alignment":"","neve_meta_author_avatar":"","neve_post_elements_order":"","neve_meta_disable_header":"","neve_meta_disable_footer":"","neve_meta_disable_title":"","footnotes":""},"class_list":["post-4286","page","type-page","status-publish","hentry"],"_links":{"self":[{"href":"https:\/\/grupoamen.org\/index.php?rest_route=\/wp\/v2\/pages\/4286","targetHints":{"allow":["GET"]}}],"collection":[{"href":"https:\/\/grupoamen.org\/index.php?rest_route=\/wp\/v2\/pages"}],"about":[{"href":"https:\/\/grupoamen.org\/index.php?rest_route=\/wp\/v2\/types\/page"}],"author":[{"embeddable":true,"href":"https:\/\/grupoamen.org\/index.php?rest_route=\/wp\/v2\/users\/1"}],"replies":[{"embeddable":true,"href":"https:\/\/grupoamen.org\/index.php?rest_route=%2Fwp%2Fv2%2Fcomments&post=4286"}],"version-history":[{"count":13,"href":"https:\/\/grupoamen.org\/index.php?rest_route=\/wp\/v2\/pages\/4286\/revisions"}],"predecessor-version":[{"id":4514,"href":"https:\/\/grupoamen.org\/index.php?rest_route=\/wp\/v2\/pages\/4286\/revisions\/4514"}],"wp:attachment":[{"href":"https:\/\/grupoamen.org\/index.php?rest_route=%2Fwp%2Fv2%2Fmedia&parent=4286"}],"curies":[{"name":"wp","href":"https:\/\/api.w.org\/{rel}","templated":true}]}}