{"id":4033,"date":"2025-10-10T10:44:52","date_gmt":"2025-10-10T15:44:52","guid":{"rendered":"https:\/\/grupoamen.org\/?page_id=4033"},"modified":"2025-11-24T15:26:26","modified_gmt":"2025-11-24T20:26:26","slug":"dv-presentacion-smrh","status":"publish","type":"page","link":"https:\/\/grupoamen.org\/?page_id=4033","title":{"rendered":"Presentaci\u00f3n SMRH"},"content":{"rendered":"\t\t<div data-elementor-type=\"wp-page\" data-elementor-id=\"4033\" class=\"elementor elementor-4033\">\n\t\t\t\t\t\t<section class=\"elementor-section elementor-top-section elementor-element elementor-element-3555a93 elementor-section-boxed elementor-section-height-default elementor-section-height-default\" data-id=\"3555a93\" data-element_type=\"section\" data-e-type=\"section\">\n\t\t\t\t\t\t<div class=\"elementor-container elementor-column-gap-default\">\n\t\t\t\t\t<div class=\"elementor-column elementor-col-100 elementor-top-column elementor-element elementor-element-ff10b68\" data-id=\"ff10b68\" data-element_type=\"column\" data-e-type=\"column\">\n\t\t\t<div class=\"elementor-widget-wrap elementor-element-populated\">\n\t\t\t\t\t\t<div class=\"elementor-element elementor-element-848b788 elementor-widget elementor-widget-spacer\" data-id=\"848b788\" data-element_type=\"widget\" data-e-type=\"widget\" data-widget_type=\"spacer.default\">\n\t\t\t\t<div class=\"elementor-widget-container\">\n\t\t\t\t\t\t\t<div class=\"elementor-spacer\">\n\t\t\t<div class=\"elementor-spacer-inner\"><\/div>\n\t\t<\/div>\n\t\t\t\t\t\t<\/div>\n\t\t\t\t<\/div>\n\t\t\t\t\t<\/div>\n\t\t<\/div>\n\t\t\t\t\t<\/div>\n\t\t<\/section>\n\t\t\t\t<section class=\"elementor-section elementor-top-section elementor-element elementor-element-353cd0d elementor-section-boxed elementor-section-height-default elementor-section-height-default\" data-id=\"353cd0d\" data-element_type=\"section\" data-e-type=\"section\">\n\t\t\t\t\t\t<div class=\"elementor-container elementor-column-gap-default\">\n\t\t\t\t\t<div class=\"elementor-column elementor-col-50 elementor-top-column elementor-element elementor-element-5e5badb\" data-id=\"5e5badb\" data-element_type=\"column\" data-e-type=\"column\">\n\t\t\t<div class=\"elementor-widget-wrap elementor-element-populated\">\n\t\t\t\t\t\t<div class=\"elementor-element elementor-element-168eaa9 elementor-widget elementor-widget-heading\" data-id=\"168eaa9\" data-element_type=\"widget\" data-e-type=\"widget\" data-widget_type=\"heading.default\">\n\t\t\t\t<div class=\"elementor-widget-container\">\n\t\t\t\t\t<h3 class=\"elementor-heading-title elementor-size-default\"><br><br>SRMH (Sandra Milena Rinc\u00f3n Hern\u00e1ndez) Soluciones en responsabilidad social y sostenibilidad\n<\/h3>\t\t\t\t<\/div>\n\t\t\t\t<\/div>\n\t\t\t\t\t<\/div>\n\t\t<\/div>\n\t\t\t\t<div class=\"elementor-column elementor-col-50 elementor-top-column elementor-element elementor-element-8dba411\" data-id=\"8dba411\" data-element_type=\"column\" data-e-type=\"column\">\n\t\t\t<div class=\"elementor-widget-wrap elementor-element-populated\">\n\t\t\t\t\t\t<div class=\"elementor-element elementor-element-a4b24e0 elementor-widget elementor-widget-image\" data-id=\"a4b24e0\" data-element_type=\"widget\" data-e-type=\"widget\" data-widget_type=\"image.default\">\n\t\t\t\t<div class=\"elementor-widget-container\">\n\t\t\t\t\t\t\t\t\t\t\t\t\t\t\t<img fetchpriority=\"high\" decoding=\"async\" width=\"600\" height=\"129\" src=\"https:\/\/grupoamen.org\/wp-content\/uploads\/2025\/11\/admin-ajax-Photoroom.webp\" class=\"attachment-large size-large wp-image-4380\" alt=\"Sandra Milena Rinc\u00f3n Logo\" srcset=\"https:\/\/grupoamen.org\/wp-content\/uploads\/2025\/11\/admin-ajax-Photoroom.webp 600w, https:\/\/grupoamen.org\/wp-content\/uploads\/2025\/11\/admin-ajax-Photoroom-300x65.webp 300w\" sizes=\"(max-width: 600px) 100vw, 600px\" \/>\t\t\t\t\t\t\t\t\t\t\t\t\t\t\t<\/div>\n\t\t\t\t<\/div>\n\t\t\t\t\t<\/div>\n\t\t<\/div>\n\t\t\t\t\t<\/div>\n\t\t<\/section>\n\t\t\t\t<section class=\"elementor-section elementor-top-section elementor-element elementor-element-02d9850 elementor-section-boxed elementor-section-height-default elementor-section-height-default\" data-id=\"02d9850\" data-element_type=\"section\" data-e-type=\"section\">\n\t\t\t\t\t\t<div class=\"elementor-container elementor-column-gap-default\">\n\t\t\t\t\t<div class=\"elementor-column elementor-col-100 elementor-top-column elementor-element elementor-element-5945447\" data-id=\"5945447\" data-element_type=\"column\" data-e-type=\"column\">\n\t\t\t<div class=\"elementor-widget-wrap elementor-element-populated\">\n\t\t\t\t\t\t<div class=\"elementor-element elementor-element-4ca199b elementor-widget elementor-widget-spacer\" data-id=\"4ca199b\" data-element_type=\"widget\" data-e-type=\"widget\" data-widget_type=\"spacer.default\">\n\t\t\t\t<div class=\"elementor-widget-container\">\n\t\t\t\t\t\t\t<div class=\"elementor-spacer\">\n\t\t\t<div class=\"elementor-spacer-inner\"><\/div>\n\t\t<\/div>\n\t\t\t\t\t\t<\/div>\n\t\t\t\t<\/div>\n\t\t\t\t\t<\/div>\n\t\t<\/div>\n\t\t\t\t\t<\/div>\n\t\t<\/section>\n\t\t\t\t<section class=\"elementor-section elementor-top-section elementor-element elementor-element-c32a598 elementor-section-boxed elementor-section-height-default elementor-section-height-default\" data-id=\"c32a598\" data-element_type=\"section\" data-e-type=\"section\">\n\t\t\t\t\t\t<div class=\"elementor-container elementor-column-gap-default\">\n\t\t\t\t\t<div class=\"elementor-column elementor-col-66 elementor-top-column elementor-element elementor-element-6937b01\" data-id=\"6937b01\" data-element_type=\"column\" data-e-type=\"column\">\n\t\t\t<div class=\"elementor-widget-wrap elementor-element-populated\">\n\t\t\t\t\t\t<div class=\"elementor-element elementor-element-e05be59 elementor-widget__width-initial elementor-widget elementor-widget-text-editor\" data-id=\"e05be59\" data-element_type=\"widget\" data-e-type=\"widget\" data-widget_type=\"text-editor.default\">\n\t\t\t\t<div class=\"elementor-widget-container\">\n\t\t\t\t\t\t\t\t\t<div class=\"border-subtlest ring-subtlest divide-subtlest bg-transparent\"><div class=\"gap-y-sm md:gap-y-md flex flex-col\"><div class=\"relative font-sans text-base text-foreground selection:bg-super\/50 selection:text-foreground dark:selection:bg-super\/10 dark:selection:text-super\"><div class=\"min-w-0 break-words [word-break:break-word]\"><div id=\"markdown-content-4\" class=\"gap-y-md after:clear-both after:block after:content-['']\" dir=\"auto\"><div class=\"my-2 first:mt-0 [&amp;:has([data-inline-type=image])+&amp;:has([data-inline-type=image])_[data-inline-type=image]]:hidden [&amp;:has(table)_[data-inline-type=image]]:hidden\"><div class=\"relative\"><div class=\"prose text-pretty dark:prose-invert inline leading-relaxed break-words min-w-0 [word-break:break-word] prose-strong:font-medium\"><p class=\"my-2 [&amp;+p]:mt-4 [&amp;_strong:has(+br)]:inline-block [&amp;_strong:has(+br)]:pb-2\">SM Soluciones en Responsabilidad Social Sostenibilidad es una empresa conformada por agentes de soluciones innovadoras, dedicada al desarrollo sostenible de las regiones y al fortalecimiento empresarial. Su misi\u00f3n principal es actuar para lograr un desarrollo bajo en carbono, impulsando iniciativas verdes basadas en econom\u00eda circular y econom\u00eda naranja. Ofrecen acompa\u00f1amiento especializado para crear entornos de negocio viables, confiables y visibles, facilitando herramientas a gobiernos locales y empresas para sinergias, seguimiento y control socioambiental en alineaci\u00f3n con las metas COP21 y los Objetivos de Desarrollo Sostenible<\/p><p class=\"my-2 [&amp;+p]:mt-4 [&amp;_strong:has(+br)]:inline-block [&amp;_strong:has(+br)]:pb-2\">Las l\u00edneas de acci\u00f3n de la empresa abarcan desde la gesti\u00f3n ambiental hasta la responsabilidad social empresarial, el impulso de negocios verdes y el desarrollo territorial. SM desarrolla metodolog\u00edas de diagn\u00f3stico, evaluaci\u00f3n integral y programas de participaci\u00f3n para apoyar emprendimientos verdes y actividades econ\u00f3micas sostenibles, destacando la recuperaci\u00f3n ambiental, la educaci\u00f3n ambiental y la comunicaci\u00f3n estrat\u00e9gica. La empresa opera desde Bogot\u00e1, pero su alcance es nacional e internacional, y fomenta alianzas con distintos actores del sector p\u00fablico y privado para asegurar una contribuci\u00f3n activa y solidaria al desarrollo social, econ\u00f3mico y ambiental del pa\u00eds.<\/p><\/div><\/div><\/div><\/div><\/div><\/div><\/div><\/div>\t\t\t\t\t\t\t\t<\/div>\n\t\t\t\t<\/div>\n\t\t\t\t\t<\/div>\n\t\t<\/div>\n\t\t\t\t<div class=\"elementor-column elementor-col-33 elementor-top-column elementor-element elementor-element-1373de2\" data-id=\"1373de2\" data-element_type=\"column\" data-e-type=\"column\">\n\t\t\t<div class=\"elementor-widget-wrap elementor-element-populated\">\n\t\t\t\t\t\t<div class=\"elementor-element elementor-element-46af97c elementor-widget elementor-widget-image\" data-id=\"46af97c\" data-element_type=\"widget\" data-e-type=\"widget\" data-widget_type=\"image.default\">\n\t\t\t\t<div class=\"elementor-widget-container\">\n\t\t\t\t\t\t\t\t\t\t\t\t\t\t\t<img decoding=\"async\" width=\"1024\" height=\"768\" src=\"https:\/\/grupoamen.org\/wp-content\/uploads\/2025\/10\/SMRH2-1024x768.webp\" class=\"attachment-large size-large wp-image-4038\" alt=\"\" srcset=\"https:\/\/grupoamen.org\/wp-content\/uploads\/2025\/10\/SMRH2-1024x768.webp 1024w, https:\/\/grupoamen.org\/wp-content\/uploads\/2025\/10\/SMRH2-300x225.webp 300w, https:\/\/grupoamen.org\/wp-content\/uploads\/2025\/10\/SMRH2-768x576.webp 768w, https:\/\/grupoamen.org\/wp-content\/uploads\/2025\/10\/SMRH2-1536x1152.webp 1536w, https:\/\/grupoamen.org\/wp-content\/uploads\/2025\/10\/SMRH2.webp 1600w\" sizes=\"(max-width: 1024px) 100vw, 1024px\" \/>\t\t\t\t\t\t\t\t\t\t\t\t\t\t\t<\/div>\n\t\t\t\t<\/div>\n\t\t\t\t<div class=\"elementor-element elementor-element-d644162 elementor-widget elementor-widget-image\" data-id=\"d644162\" data-element_type=\"widget\" data-e-type=\"widget\" data-widget_type=\"image.default\">\n\t\t\t\t<div class=\"elementor-widget-container\">\n\t\t\t\t\t\t\t\t\t\t\t\t\t\t\t<img decoding=\"async\" width=\"1024\" height=\"576\" src=\"https:\/\/grupoamen.org\/wp-content\/uploads\/2025\/10\/Desarrollo-comunitario-SMRH-1024x576.webp\" class=\"attachment-large size-large wp-image-4037\" alt=\"\" srcset=\"https:\/\/grupoamen.org\/wp-content\/uploads\/2025\/10\/Desarrollo-comunitario-SMRH-1024x576.webp 1024w, https:\/\/grupoamen.org\/wp-content\/uploads\/2025\/10\/Desarrollo-comunitario-SMRH-300x169.webp 300w, https:\/\/grupoamen.org\/wp-content\/uploads\/2025\/10\/Desarrollo-comunitario-SMRH-768x432.webp 768w, https:\/\/grupoamen.org\/wp-content\/uploads\/2025\/10\/Desarrollo-comunitario-SMRH-1536x864.webp 1536w, https:\/\/grupoamen.org\/wp-content\/uploads\/2025\/10\/Desarrollo-comunitario-SMRH.webp 1920w\" sizes=\"(max-width: 1024px) 100vw, 1024px\" \/>\t\t\t\t\t\t\t\t\t\t\t\t\t\t\t<\/div>\n\t\t\t\t<\/div>\n\t\t\t\t<div class=\"elementor-element elementor-element-cb1d320 elementor-widget elementor-widget-spacer\" data-id=\"cb1d320\" data-element_type=\"widget\" data-e-type=\"widget\" data-widget_type=\"spacer.default\">\n\t\t\t\t<div class=\"elementor-widget-container\">\n\t\t\t\t\t\t\t<div class=\"elementor-spacer\">\n\t\t\t<div class=\"elementor-spacer-inner\"><\/div>\n\t\t<\/div>\n\t\t\t\t\t\t<\/div>\n\t\t\t\t<\/div>\n\t\t\t\t\t<\/div>\n\t\t<\/div>\n\t\t\t\t\t<\/div>\n\t\t<\/section>\n\t\t\t\t<section class=\"elementor-section elementor-top-section elementor-element elementor-element-39d322f elementor-section-boxed elementor-section-height-default elementor-section-height-default\" data-id=\"39d322f\" data-element_type=\"section\" data-e-type=\"section\">\n\t\t\t\t\t\t<div class=\"elementor-container elementor-column-gap-default\">\n\t\t\t\t\t<div class=\"elementor-column elementor-col-100 elementor-top-column elementor-element elementor-element-1c28569\" data-id=\"1c28569\" data-element_type=\"column\" data-e-type=\"column\">\n\t\t\t<div class=\"elementor-widget-wrap elementor-element-populated\">\n\t\t\t\t\t\t<div class=\"elementor-element elementor-element-e02ea28 elementor-widget elementor-widget-heading\" data-id=\"e02ea28\" data-element_type=\"widget\" data-e-type=\"widget\" data-widget_type=\"heading.default\">\n\t\t\t\t<div class=\"elementor-widget-container\">\n\t\t\t\t\t<h2 class=\"elementor-heading-title elementor-size-default\">Cont\u00e1ctanos<\/h2>\t\t\t\t<\/div>\n\t\t\t\t<\/div>\n\t\t\t\t\t<\/div>\n\t\t<\/div>\n\t\t\t\t\t<\/div>\n\t\t<\/section>\n\t\t\t\t<section class=\"elementor-section elementor-top-section elementor-element elementor-element-0e89e75 elementor-section-boxed elementor-section-height-default elementor-section-height-default\" data-id=\"0e89e75\" data-element_type=\"section\" data-e-type=\"section\">\n\t\t\t\t\t\t<div class=\"elementor-container elementor-column-gap-default\">\n\t\t\t\t\t<div class=\"elementor-column elementor-col-100 elementor-top-column elementor-element elementor-element-0b31a9c\" data-id=\"0b31a9c\" data-element_type=\"column\" data-e-type=\"column\">\n\t\t\t<div class=\"elementor-widget-wrap elementor-element-populated\">\n\t\t\t\t\t\t<div class=\"elementor-element elementor-element-1561945 elementor-widget elementor-widget-text-editor\" data-id=\"1561945\" data-element_type=\"widget\" data-e-type=\"widget\" data-widget_type=\"text-editor.default\">\n\t\t\t\t<div class=\"elementor-widget-container\">\n\t\t\t\t\t\t\t\t\t<h5 style=\"text-align: left;\">Sandra Milena Rinc\u00f3n Hern\u00e1ndez<\/h5><p>Fundadora\u00a0<\/p><p>sandramrinconhernandez@gmail.com<\/p>\t\t\t\t\t\t\t\t<\/div>\n\t\t\t\t<\/div>\n\t\t\t\t\t<\/div>\n\t\t<\/div>\n\t\t\t\t\t<\/div>\n\t\t<\/section>\n\t\t\t\t<section class=\"elementor-section elementor-top-section elementor-element elementor-element-3b97383 elementor-section-boxed elementor-section-height-default elementor-section-height-default\" data-id=\"3b97383\" data-element_type=\"section\" data-e-type=\"section\">\n\t\t\t\t\t\t<div class=\"elementor-container elementor-column-gap-default\">\n\t\t\t\t\t<div class=\"elementor-column elementor-col-100 elementor-top-column elementor-element elementor-element-ed68236\" data-id=\"ed68236\" data-element_type=\"column\" data-e-type=\"column\">\n\t\t\t<div class=\"elementor-widget-wrap elementor-element-populated\">\n\t\t\t\t\t\t<div class=\"elementor-element elementor-element-91bf61a elementor-widget elementor-widget-spacer\" data-id=\"91bf61a\" data-element_type=\"widget\" data-e-type=\"widget\" data-widget_type=\"spacer.default\">\n\t\t\t\t<div class=\"elementor-widget-container\">\n\t\t\t\t\t\t\t<div class=\"elementor-spacer\">\n\t\t\t<div class=\"elementor-spacer-inner\"><\/div>\n\t\t<\/div>\n\t\t\t\t\t\t<\/div>\n\t\t\t\t<\/div>\n\t\t\t\t\t<\/div>\n\t\t<\/div>\n\t\t\t\t\t<\/div>\n\t\t<\/section>\n\t\t\t\t<\/div>\n\t\t","protected":false},"excerpt":{"rendered":"<p>SRMH (Sandra Milena Rinc\u00f3n Hern\u00e1ndez) Soluciones en responsabilidad social y sostenibilidad SM Soluciones en Responsabilidad Social Sostenibilidad es una empresa conformada por agentes de soluciones innovadoras, dedicada al desarrollo sostenible de las regiones y al fortalecimiento empresarial. Su misi\u00f3n principal es actuar para lograr un desarrollo bajo en carbono, impulsando iniciativas verdes basadas en econom\u00eda&hellip;&nbsp;<a href=\"https:\/\/grupoamen.org\/?page_id=4033\" rel=\"bookmark\">Leer m\u00e1s &raquo;<span class=\"screen-reader-text\">Presentaci\u00f3n SMRH<\/span><\/a><\/p>\n","protected":false},"author":1,"featured_media":0,"parent":0,"menu_order":0,"comment_status":"closed","ping_status":"closed","template":"page-templates\/template-pagebuilder-full-width.php","meta":{"neve_meta_sidebar":"","neve_meta_container":"","neve_meta_enable_content_width":"","neve_meta_content_width":0,"neve_meta_title_alignment":"","neve_meta_author_avatar":"","neve_post_elements_order":"","neve_meta_disable_header":"","neve_meta_disable_footer":"","neve_meta_disable_title":"","footnotes":""},"class_list":["post-4033","page","type-page","status-publish","hentry"],"_links":{"self":[{"href":"https:\/\/grupoamen.org\/index.php?rest_route=\/wp\/v2\/pages\/4033","targetHints":{"allow":["GET"]}}],"collection":[{"href":"https:\/\/grupoamen.org\/index.php?rest_route=\/wp\/v2\/pages"}],"about":[{"href":"https:\/\/grupoamen.org\/index.php?rest_route=\/wp\/v2\/types\/page"}],"author":[{"embeddable":true,"href":"https:\/\/grupoamen.org\/index.php?rest_route=\/wp\/v2\/users\/1"}],"replies":[{"embeddable":true,"href":"https:\/\/grupoamen.org\/index.php?rest_route=%2Fwp%2Fv2%2Fcomments&post=4033"}],"version-history":[{"count":14,"href":"https:\/\/grupoamen.org\/index.php?rest_route=\/wp\/v2\/pages\/4033\/revisions"}],"predecessor-version":[{"id":4524,"href":"https:\/\/grupoamen.org\/index.php?rest_route=\/wp\/v2\/pages\/4033\/revisions\/4524"}],"wp:attachment":[{"href":"https:\/\/grupoamen.org\/index.php?rest_route=%2Fwp%2Fv2%2Fmedia&parent=4033"}],"curies":[{"name":"wp","href":"https:\/\/api.w.org\/{rel}","templated":true}]}}