{"id":3690,"date":"2025-10-06T10:41:18","date_gmt":"2025-10-06T15:41:18","guid":{"rendered":"https:\/\/grupoamen.org\/?page_id=3690"},"modified":"2025-11-24T15:25:09","modified_gmt":"2025-11-24T20:25:09","slug":"dv-presentacion-cimd","status":"publish","type":"page","link":"https:\/\/grupoamen.org\/?page_id=3690","title":{"rendered":"Presentaci\u00f3n CrecieMdo &#8211; EmpreMdo CIMD"},"content":{"rendered":"\t\t<div data-elementor-type=\"wp-page\" data-elementor-id=\"3690\" class=\"elementor elementor-3690\">\n\t\t\t\t\t\t<section class=\"elementor-section elementor-top-section elementor-element elementor-element-3555a93 elementor-section-boxed elementor-section-height-default elementor-section-height-default\" data-id=\"3555a93\" data-element_type=\"section\" data-e-type=\"section\">\n\t\t\t\t\t\t<div class=\"elementor-container elementor-column-gap-default\">\n\t\t\t\t\t<div class=\"elementor-column elementor-col-100 elementor-top-column elementor-element elementor-element-ff10b68\" data-id=\"ff10b68\" data-element_type=\"column\" data-e-type=\"column\">\n\t\t\t<div class=\"elementor-widget-wrap elementor-element-populated\">\n\t\t\t\t\t\t<div class=\"elementor-element elementor-element-848b788 elementor-widget elementor-widget-spacer\" data-id=\"848b788\" data-element_type=\"widget\" data-e-type=\"widget\" data-widget_type=\"spacer.default\">\n\t\t\t\t<div class=\"elementor-widget-container\">\n\t\t\t\t\t\t\t<div class=\"elementor-spacer\">\n\t\t\t<div class=\"elementor-spacer-inner\"><\/div>\n\t\t<\/div>\n\t\t\t\t\t\t<\/div>\n\t\t\t\t<\/div>\n\t\t\t\t\t<\/div>\n\t\t<\/div>\n\t\t\t\t\t<\/div>\n\t\t<\/section>\n\t\t\t\t<section class=\"elementor-section elementor-top-section elementor-element elementor-element-353cd0d elementor-section-boxed elementor-section-height-default elementor-section-height-default\" data-id=\"353cd0d\" data-element_type=\"section\" data-e-type=\"section\">\n\t\t\t\t\t\t<div class=\"elementor-container elementor-column-gap-default\">\n\t\t\t\t\t<div class=\"elementor-column elementor-col-50 elementor-top-column elementor-element elementor-element-5e5badb\" data-id=\"5e5badb\" data-element_type=\"column\" data-e-type=\"column\">\n\t\t\t<div class=\"elementor-widget-wrap elementor-element-populated\">\n\t\t\t\t\t\t<div class=\"elementor-element elementor-element-168eaa9 elementor-widget elementor-widget-heading\" data-id=\"168eaa9\" data-element_type=\"widget\" data-e-type=\"widget\" data-widget_type=\"heading.default\">\n\t\t\t\t<div class=\"elementor-widget-container\">\n\t\t\t\t\t<h2 class=\"elementor-heading-title elementor-size-default\"><br>CrecieMdo - EmpreMdo<br>Corporaci\u00f3n Industrial Minuto de Dios<\/h2>\t\t\t\t<\/div>\n\t\t\t\t<\/div>\n\t\t\t\t\t<\/div>\n\t\t<\/div>\n\t\t\t\t<div class=\"elementor-column elementor-col-50 elementor-top-column elementor-element elementor-element-8dba411\" data-id=\"8dba411\" data-element_type=\"column\" data-e-type=\"column\">\n\t\t\t<div class=\"elementor-widget-wrap elementor-element-populated\">\n\t\t\t\t\t\t<div class=\"elementor-element elementor-element-a4b24e0 elementor-widget elementor-widget-image\" data-id=\"a4b24e0\" data-element_type=\"widget\" data-e-type=\"widget\" data-widget_type=\"image.default\">\n\t\t\t\t<div class=\"elementor-widget-container\">\n\t\t\t\t\t\t\t\t\t\t\t\t\t\t\t<img fetchpriority=\"high\" decoding=\"async\" width=\"500\" height=\"170\" src=\"https:\/\/grupoamen.org\/wp-content\/uploads\/2025\/11\/CIMD-Photoroom.webp\" class=\"attachment-large size-large wp-image-4365\" alt=\"Logo CIMD\" srcset=\"https:\/\/grupoamen.org\/wp-content\/uploads\/2025\/11\/CIMD-Photoroom.webp 500w, https:\/\/grupoamen.org\/wp-content\/uploads\/2025\/11\/CIMD-Photoroom-300x102.webp 300w\" sizes=\"(max-width: 500px) 100vw, 500px\" \/>\t\t\t\t\t\t\t\t\t\t\t\t\t\t\t<\/div>\n\t\t\t\t<\/div>\n\t\t\t\t\t<\/div>\n\t\t<\/div>\n\t\t\t\t\t<\/div>\n\t\t<\/section>\n\t\t\t\t<section class=\"elementor-section elementor-top-section elementor-element elementor-element-02d9850 elementor-section-boxed elementor-section-height-default elementor-section-height-default\" data-id=\"02d9850\" data-element_type=\"section\" data-e-type=\"section\">\n\t\t\t\t\t\t<div class=\"elementor-container elementor-column-gap-default\">\n\t\t\t\t\t<div class=\"elementor-column elementor-col-100 elementor-top-column elementor-element elementor-element-5945447\" data-id=\"5945447\" data-element_type=\"column\" data-e-type=\"column\">\n\t\t\t<div class=\"elementor-widget-wrap elementor-element-populated\">\n\t\t\t\t\t\t<div class=\"elementor-element elementor-element-4ca199b elementor-widget elementor-widget-spacer\" data-id=\"4ca199b\" data-element_type=\"widget\" data-e-type=\"widget\" data-widget_type=\"spacer.default\">\n\t\t\t\t<div class=\"elementor-widget-container\">\n\t\t\t\t\t\t\t<div class=\"elementor-spacer\">\n\t\t\t<div class=\"elementor-spacer-inner\"><\/div>\n\t\t<\/div>\n\t\t\t\t\t\t<\/div>\n\t\t\t\t<\/div>\n\t\t\t\t\t<\/div>\n\t\t<\/div>\n\t\t\t\t\t<\/div>\n\t\t<\/section>\n\t\t\t\t<section class=\"elementor-section elementor-top-section elementor-element elementor-element-c32a598 elementor-section-boxed elementor-section-height-default elementor-section-height-default\" data-id=\"c32a598\" data-element_type=\"section\" data-e-type=\"section\">\n\t\t\t\t\t\t<div class=\"elementor-container elementor-column-gap-default\">\n\t\t\t\t\t<div class=\"elementor-column elementor-col-66 elementor-top-column elementor-element elementor-element-6937b01\" data-id=\"6937b01\" data-element_type=\"column\" data-e-type=\"column\">\n\t\t\t<div class=\"elementor-widget-wrap elementor-element-populated\">\n\t\t\t\t\t\t<div class=\"elementor-element elementor-element-e05be59 elementor-widget__width-initial elementor-widget elementor-widget-text-editor\" data-id=\"e05be59\" data-element_type=\"widget\" data-e-type=\"widget\" data-widget_type=\"text-editor.default\">\n\t\t\t\t<div class=\"elementor-widget-container\">\n\t\t\t\t\t\t\t\t\t<p>En la Corporaci\u00f3n Industrial Minuto de Dios nuestra misi\u00f3n es servir al desarrollo integral sostenible de las personas, comunidades y territorios a trav\u00e9s de la generaci\u00f3n de ingresos v\u00eda empleo y emprendimiento, y a la mejora de la productividad y competitividad empresarial e industrial.<\/p><p>Desde la Unidad de Emprendimiento y Micronegocios trabajamos para impulsar ideas, negocios y sue\u00f1os, ofreciendo acompa\u00f1amiento, fortalecimiento y herramientas que fortalecen la capacidad emprendedora de nuestra comunidad y construyen negocios sostenibles. Entre nuestras iniciativas destacadas se encuentra el crowdfunding solidario, un mecanismo innovador que conecta a emprendedores y micro propietarios con personas y organizaciones dispuestas a apoyar como donantes proyectos con sentido social. Esta iniciativa de crowdfunding aporta al desarrollo de nuestra misi\u00f3n y nuestra visi\u00f3n, permiti\u00e9ndonos de la mano de nuestros valores, transformar vidas, promover la igualdad de oportunidades y entregar un resultado excepcional a las personas y comunidades que conf\u00edan en nosotros.<\/p><p>Tu donaci\u00f3n es la semilla que impulsa sue\u00f1os, aporta a la equidad del pa\u00eds y genera un impacto real y sostenible en nuestras comunidades.<\/p><p>\u00a0<\/p>\t\t\t\t\t\t\t\t<\/div>\n\t\t\t\t<\/div>\n\t\t\t\t\t<\/div>\n\t\t<\/div>\n\t\t\t\t<div class=\"elementor-column elementor-col-33 elementor-top-column elementor-element elementor-element-1373de2\" data-id=\"1373de2\" data-element_type=\"column\" data-e-type=\"column\">\n\t\t\t<div class=\"elementor-widget-wrap elementor-element-populated\">\n\t\t\t\t\t\t<div class=\"elementor-element elementor-element-d644162 elementor-widget elementor-widget-image\" data-id=\"d644162\" data-element_type=\"widget\" data-e-type=\"widget\" data-widget_type=\"image.default\">\n\t\t\t\t<div class=\"elementor-widget-container\">\n\t\t\t\t\t\t\t\t\t\t\t\t\t\t\t<img decoding=\"async\" width=\"1024\" height=\"683\" src=\"https:\/\/grupoamen.org\/wp-content\/uploads\/2025\/10\/CIMD-1024x683.webp\" class=\"attachment-large size-large wp-image-3963\" alt=\"CIMD1\" srcset=\"https:\/\/grupoamen.org\/wp-content\/uploads\/2025\/10\/CIMD-1024x683.webp 1024w, https:\/\/grupoamen.org\/wp-content\/uploads\/2025\/10\/CIMD-300x200.webp 300w, https:\/\/grupoamen.org\/wp-content\/uploads\/2025\/10\/CIMD-768x512.webp 768w, https:\/\/grupoamen.org\/wp-content\/uploads\/2025\/10\/CIMD-930x620.webp 930w, https:\/\/grupoamen.org\/wp-content\/uploads\/2025\/10\/CIMD.webp 1080w\" sizes=\"(max-width: 1024px) 100vw, 1024px\" \/>\t\t\t\t\t\t\t\t\t\t\t\t\t\t\t<\/div>\n\t\t\t\t<\/div>\n\t\t\t\t<div class=\"elementor-element elementor-element-cb1d320 elementor-widget elementor-widget-spacer\" data-id=\"cb1d320\" data-element_type=\"widget\" data-e-type=\"widget\" data-widget_type=\"spacer.default\">\n\t\t\t\t<div class=\"elementor-widget-container\">\n\t\t\t\t\t\t\t<div class=\"elementor-spacer\">\n\t\t\t<div class=\"elementor-spacer-inner\"><\/div>\n\t\t<\/div>\n\t\t\t\t\t\t<\/div>\n\t\t\t\t<\/div>\n\t\t\t\t<div class=\"elementor-element elementor-element-46af97c elementor-widget elementor-widget-image\" data-id=\"46af97c\" data-element_type=\"widget\" data-e-type=\"widget\" data-widget_type=\"image.default\">\n\t\t\t\t<div class=\"elementor-widget-container\">\n\t\t\t\t\t\t\t\t\t\t\t\t\t\t\t<img decoding=\"async\" width=\"1024\" height=\"682\" src=\"https:\/\/grupoamen.org\/wp-content\/uploads\/2025\/10\/CIMD2-1024x682.webp\" class=\"attachment-large size-large wp-image-3964\" alt=\"\" srcset=\"https:\/\/grupoamen.org\/wp-content\/uploads\/2025\/10\/CIMD2-1024x682.webp 1024w, https:\/\/grupoamen.org\/wp-content\/uploads\/2025\/10\/CIMD2-300x200.webp 300w, https:\/\/grupoamen.org\/wp-content\/uploads\/2025\/10\/CIMD2-768x512.webp 768w, https:\/\/grupoamen.org\/wp-content\/uploads\/2025\/10\/CIMD2-1536x1023.webp 1536w, https:\/\/grupoamen.org\/wp-content\/uploads\/2025\/10\/CIMD2-930x620.webp 930w, https:\/\/grupoamen.org\/wp-content\/uploads\/2025\/10\/CIMD2.webp 1600w\" sizes=\"(max-width: 1024px) 100vw, 1024px\" \/>\t\t\t\t\t\t\t\t\t\t\t\t\t\t\t<\/div>\n\t\t\t\t<\/div>\n\t\t\t\t\t<\/div>\n\t\t<\/div>\n\t\t\t\t\t<\/div>\n\t\t<\/section>\n\t\t\t\t<section class=\"elementor-section elementor-top-section elementor-element elementor-element-4332251 elementor-section-boxed elementor-section-height-default elementor-section-height-default\" data-id=\"4332251\" data-element_type=\"section\" data-e-type=\"section\">\n\t\t\t\t\t\t<div class=\"elementor-container elementor-column-gap-default\">\n\t\t\t\t\t<div class=\"elementor-column elementor-col-100 elementor-top-column elementor-element elementor-element-1105478\" data-id=\"1105478\" data-element_type=\"column\" data-e-type=\"column\">\n\t\t\t<div class=\"elementor-widget-wrap elementor-element-populated\">\n\t\t\t\t\t\t<div class=\"elementor-element elementor-element-fffc2f4 elementor-widget elementor-widget-spacer\" data-id=\"fffc2f4\" data-element_type=\"widget\" data-e-type=\"widget\" data-widget_type=\"spacer.default\">\n\t\t\t\t<div class=\"elementor-widget-container\">\n\t\t\t\t\t\t\t<div class=\"elementor-spacer\">\n\t\t\t<div class=\"elementor-spacer-inner\"><\/div>\n\t\t<\/div>\n\t\t\t\t\t\t<\/div>\n\t\t\t\t<\/div>\n\t\t\t\t\t<\/div>\n\t\t<\/div>\n\t\t\t\t\t<\/div>\n\t\t<\/section>\n\t\t\t\t<section class=\"elementor-section elementor-top-section elementor-element elementor-element-39d322f elementor-section-boxed elementor-section-height-default elementor-section-height-default\" data-id=\"39d322f\" data-element_type=\"section\" data-e-type=\"section\">\n\t\t\t\t\t\t<div class=\"elementor-container elementor-column-gap-default\">\n\t\t\t\t\t<div class=\"elementor-column elementor-col-100 elementor-top-column elementor-element elementor-element-1c28569\" data-id=\"1c28569\" data-element_type=\"column\" data-e-type=\"column\">\n\t\t\t<div class=\"elementor-widget-wrap elementor-element-populated\">\n\t\t\t\t\t\t<div class=\"elementor-element elementor-element-e02ea28 elementor-widget elementor-widget-heading\" data-id=\"e02ea28\" data-element_type=\"widget\" data-e-type=\"widget\" data-widget_type=\"heading.default\">\n\t\t\t\t<div class=\"elementor-widget-container\">\n\t\t\t\t\t<h2 class=\"elementor-heading-title elementor-size-default\">Cont\u00e1ctanos<\/h2>\t\t\t\t<\/div>\n\t\t\t\t<\/div>\n\t\t\t\t\t<\/div>\n\t\t<\/div>\n\t\t\t\t\t<\/div>\n\t\t<\/section>\n\t\t\t\t<section class=\"elementor-section elementor-top-section elementor-element elementor-element-0e89e75 elementor-section-boxed elementor-section-height-default elementor-section-height-default\" data-id=\"0e89e75\" data-element_type=\"section\" data-e-type=\"section\">\n\t\t\t\t\t\t<div class=\"elementor-container elementor-column-gap-default\">\n\t\t\t\t\t<div class=\"elementor-column elementor-col-50 elementor-top-column elementor-element elementor-element-9cde0a9\" data-id=\"9cde0a9\" data-element_type=\"column\" data-e-type=\"column\">\n\t\t\t<div class=\"elementor-widget-wrap elementor-element-populated\">\n\t\t\t\t\t\t<div class=\"elementor-element elementor-element-c887b69 elementor-widget elementor-widget-text-editor\" data-id=\"c887b69\" data-element_type=\"widget\" data-e-type=\"widget\" data-widget_type=\"text-editor.default\">\n\t\t\t\t<div class=\"elementor-widget-container\">\n\t\t\t\t\t\t\t\t\t<h5 style=\"text-align: left;\"><strong>Juan Felipe Mu\u00f1oz Gil<\/strong><\/h5><p>Director de emprendimiento y micronegocios<\/p><p>3174387808<\/p><p>jmunoz@mdc.org.co<\/p>\t\t\t\t\t\t\t\t<\/div>\n\t\t\t\t<\/div>\n\t\t\t\t\t<\/div>\n\t\t<\/div>\n\t\t\t\t<div class=\"elementor-column elementor-col-50 elementor-top-column elementor-element elementor-element-0b31a9c\" data-id=\"0b31a9c\" data-element_type=\"column\" data-e-type=\"column\">\n\t\t\t<div class=\"elementor-widget-wrap elementor-element-populated\">\n\t\t\t\t\t\t<div class=\"elementor-element elementor-element-1561945 elementor-widget elementor-widget-text-editor\" data-id=\"1561945\" data-element_type=\"widget\" data-e-type=\"widget\" data-widget_type=\"text-editor.default\">\n\t\t\t\t<div class=\"elementor-widget-container\">\n\t\t\t\t\t\t\t\t\t<h5 style=\"text-align: left;\"><strong>Luisa Fernanda Ospina<\/strong><\/h5><p>Contacto comercial<\/p><p>316233493<\/p><p>lospina@mdc.org.co<\/p>\t\t\t\t\t\t\t\t<\/div>\n\t\t\t\t<\/div>\n\t\t\t\t\t<\/div>\n\t\t<\/div>\n\t\t\t\t\t<\/div>\n\t\t<\/section>\n\t\t\t\t<section class=\"elementor-section elementor-top-section elementor-element elementor-element-3b97383 elementor-section-boxed elementor-section-height-default elementor-section-height-default\" data-id=\"3b97383\" data-element_type=\"section\" data-e-type=\"section\">\n\t\t\t\t\t\t<div class=\"elementor-container elementor-column-gap-default\">\n\t\t\t\t\t<div class=\"elementor-column elementor-col-100 elementor-top-column elementor-element elementor-element-ed68236\" data-id=\"ed68236\" data-element_type=\"column\" data-e-type=\"column\">\n\t\t\t<div class=\"elementor-widget-wrap elementor-element-populated\">\n\t\t\t\t\t\t<div class=\"elementor-element elementor-element-91bf61a elementor-widget elementor-widget-spacer\" data-id=\"91bf61a\" data-element_type=\"widget\" data-e-type=\"widget\" data-widget_type=\"spacer.default\">\n\t\t\t\t<div class=\"elementor-widget-container\">\n\t\t\t\t\t\t\t<div class=\"elementor-spacer\">\n\t\t\t<div class=\"elementor-spacer-inner\"><\/div>\n\t\t<\/div>\n\t\t\t\t\t\t<\/div>\n\t\t\t\t<\/div>\n\t\t\t\t\t<\/div>\n\t\t<\/div>\n\t\t\t\t\t<\/div>\n\t\t<\/section>\n\t\t\t\t<\/div>\n\t\t","protected":false},"excerpt":{"rendered":"<p>CrecieMdo &#8211; EmpreMdoCorporaci\u00f3n Industrial Minuto de Dios En la Corporaci\u00f3n Industrial Minuto de Dios nuestra misi\u00f3n es servir al desarrollo integral sostenible de las personas, comunidades y territorios a trav\u00e9s de la generaci\u00f3n de ingresos v\u00eda empleo y emprendimiento, y a la mejora de la productividad y competitividad empresarial e industrial. Desde la Unidad de&hellip;&nbsp;<a href=\"https:\/\/grupoamen.org\/?page_id=3690\" rel=\"bookmark\">Leer m\u00e1s &raquo;<span class=\"screen-reader-text\">Presentaci\u00f3n CrecieMdo &#8211; EmpreMdo CIMD<\/span><\/a><\/p>\n","protected":false},"author":1,"featured_media":0,"parent":0,"menu_order":0,"comment_status":"closed","ping_status":"closed","template":"page-templates\/template-pagebuilder-full-width.php","meta":{"neve_meta_sidebar":"","neve_meta_container":"","neve_meta_enable_content_width":"","neve_meta_content_width":0,"neve_meta_title_alignment":"","neve_meta_author_avatar":"","neve_post_elements_order":"","neve_meta_disable_header":"","neve_meta_disable_footer":"","neve_meta_disable_title":"","footnotes":""},"class_list":["post-3690","page","type-page","status-publish","hentry"],"_links":{"self":[{"href":"https:\/\/grupoamen.org\/index.php?rest_route=\/wp\/v2\/pages\/3690","targetHints":{"allow":["GET"]}}],"collection":[{"href":"https:\/\/grupoamen.org\/index.php?rest_route=\/wp\/v2\/pages"}],"about":[{"href":"https:\/\/grupoamen.org\/index.php?rest_route=\/wp\/v2\/types\/page"}],"author":[{"embeddable":true,"href":"https:\/\/grupoamen.org\/index.php?rest_route=\/wp\/v2\/users\/1"}],"replies":[{"embeddable":true,"href":"https:\/\/grupoamen.org\/index.php?rest_route=%2Fwp%2Fv2%2Fcomments&post=3690"}],"version-history":[{"count":36,"href":"https:\/\/grupoamen.org\/index.php?rest_route=\/wp\/v2\/pages\/3690\/revisions"}],"predecessor-version":[{"id":4517,"href":"https:\/\/grupoamen.org\/index.php?rest_route=\/wp\/v2\/pages\/3690\/revisions\/4517"}],"wp:attachment":[{"href":"https:\/\/grupoamen.org\/index.php?rest_route=%2Fwp%2Fv2%2Fmedia&parent=3690"}],"curies":[{"name":"wp","href":"https:\/\/api.w.org\/{rel}","templated":true}]}}