{"id":3177,"date":"2025-09-09T09:48:26","date_gmt":"2025-09-09T14:48:26","guid":{"rendered":"https:\/\/grupoamen.org\/?page_id=3177"},"modified":"2025-11-24T10:48:19","modified_gmt":"2025-11-24T15:48:19","slug":"borrador-proyectos-suenos-cumplidos","status":"publish","type":"page","link":"https:\/\/grupoamen.org\/?page_id=3177","title":{"rendered":"DV Proyectos l\u00edneas de acci\u00f3n"},"content":{"rendered":"\t\t<div data-elementor-type=\"wp-page\" data-elementor-id=\"3177\" class=\"elementor elementor-3177\">\n\t\t\t\t\t\t<section class=\"elementor-section elementor-top-section elementor-element elementor-element-dd28663 elementor-section-boxed elementor-section-height-default elementor-section-height-default\" data-id=\"dd28663\" data-element_type=\"section\" data-e-type=\"section\">\n\t\t\t\t\t\t<div class=\"elementor-container elementor-column-gap-default\">\n\t\t\t\t\t<div class=\"elementor-column elementor-col-100 elementor-top-column elementor-element elementor-element-fc6629f\" data-id=\"fc6629f\" data-element_type=\"column\" data-e-type=\"column\">\n\t\t\t<div class=\"elementor-widget-wrap elementor-element-populated\">\n\t\t\t\t\t\t<div class=\"elementor-element elementor-element-7295335 elementor-widget elementor-widget-spacer\" data-id=\"7295335\" data-element_type=\"widget\" data-e-type=\"widget\" data-widget_type=\"spacer.default\">\n\t\t\t\t<div class=\"elementor-widget-container\">\n\t\t\t\t\t\t\t<div class=\"elementor-spacer\">\n\t\t\t<div class=\"elementor-spacer-inner\"><\/div>\n\t\t<\/div>\n\t\t\t\t\t\t<\/div>\n\t\t\t\t<\/div>\n\t\t\t\t\t<\/div>\n\t\t<\/div>\n\t\t\t\t\t<\/div>\n\t\t<\/section>\n\t\t\t\t<section class=\"elementor-section elementor-top-section elementor-element elementor-element-76c9836 elementor-section-boxed elementor-section-height-default elementor-section-height-default\" data-id=\"76c9836\" data-element_type=\"section\" data-e-type=\"section\">\n\t\t\t\t\t\t<div class=\"elementor-container elementor-column-gap-default\">\n\t\t\t\t\t<div class=\"elementor-column elementor-col-100 elementor-top-column elementor-element elementor-element-f429303\" data-id=\"f429303\" data-element_type=\"column\" data-e-type=\"column\">\n\t\t\t<div class=\"elementor-widget-wrap elementor-element-populated\">\n\t\t\t\t\t\t<div class=\"elementor-element elementor-element-cbee388 elementor-widget elementor-widget-heading\" data-id=\"cbee388\" data-element_type=\"widget\" data-e-type=\"widget\" data-widget_type=\"heading.default\">\n\t\t\t\t<div class=\"elementor-widget-container\">\n\t\t\t\t\t<h2 class=\"elementor-heading-title elementor-size-default\">L\u00edneas de acci\u00f3n de proyectos<\/h2>\t\t\t\t<\/div>\n\t\t\t\t<\/div>\n\t\t\t\t<div class=\"elementor-element elementor-element-33ad36b elementor-widget elementor-widget-spacer\" data-id=\"33ad36b\" data-element_type=\"widget\" data-e-type=\"widget\" data-widget_type=\"spacer.default\">\n\t\t\t\t<div class=\"elementor-widget-container\">\n\t\t\t\t\t\t\t<div class=\"elementor-spacer\">\n\t\t\t<div class=\"elementor-spacer-inner\"><\/div>\n\t\t<\/div>\n\t\t\t\t\t\t<\/div>\n\t\t\t\t<\/div>\n\t\t\t\t\t<\/div>\n\t\t<\/div>\n\t\t\t\t\t<\/div>\n\t\t<\/section>\n\t\t\t\t<section class=\"elementor-section elementor-top-section elementor-element elementor-element-007a4d4 elementor-section-boxed elementor-section-height-default elementor-section-height-default\" data-id=\"007a4d4\" data-element_type=\"section\" data-e-type=\"section\">\n\t\t\t\t\t\t<div class=\"elementor-container elementor-column-gap-default\">\n\t\t\t\t\t<div class=\"elementor-column elementor-col-25 elementor-top-column elementor-element elementor-element-abda7d5\" data-id=\"abda7d5\" data-element_type=\"column\" data-e-type=\"column\">\n\t\t\t<div class=\"elementor-widget-wrap elementor-element-populated\">\n\t\t\t\t\t\t<div class=\"elementor-element elementor-element-4b6587a elementor-position-top elementor-widget elementor-widget-image-box\" data-id=\"4b6587a\" data-element_type=\"widget\" data-e-type=\"widget\" data-widget_type=\"image-box.default\">\n\t\t\t\t<div class=\"elementor-widget-container\">\n\t\t\t\t\t<div class=\"elementor-image-box-wrapper\"><figure class=\"elementor-image-box-img\"><img decoding=\"async\" width=\"150\" height=\"150\" src=\"https:\/\/grupoamen.org\/wp-content\/uploads\/2025\/09\/Desarrollo-comunitario-150x150.webp\" class=\"attachment-thumbnail size-thumbnail wp-image-3432\" alt=\"Manos juntas por el desarrollo\" \/><\/figure><div class=\"elementor-image-box-content\"><h5 class=\"elementor-image-box-title\"><br>Desarrollo comunitario<\/h5><p class=\"elementor-image-box-description\"><br>Impulsamos el crecimiento sostenible de las comunidades mediante proyectos que fortalecen el tejido social, fomentan la participaci\u00f3n ciudadana y mejoran la calidad de vida de sus habitantes.<\/p><\/div><\/div>\t\t\t\t<\/div>\n\t\t\t\t<\/div>\n\t\t\t\t\t<\/div>\n\t\t<\/div>\n\t\t\t\t<div class=\"elementor-column elementor-col-25 elementor-top-column elementor-element elementor-element-aeef591\" data-id=\"aeef591\" data-element_type=\"column\" data-e-type=\"column\">\n\t\t\t<div class=\"elementor-widget-wrap elementor-element-populated\">\n\t\t\t\t\t\t<div class=\"elementor-element elementor-element-de34d04 elementor-widget__width-initial elementor-position-top elementor-widget elementor-widget-image-box\" data-id=\"de34d04\" data-element_type=\"widget\" data-e-type=\"widget\" data-widget_type=\"image-box.default\">\n\t\t\t\t<div class=\"elementor-widget-container\">\n\t\t\t\t\t<div class=\"elementor-image-box-wrapper\"><figure class=\"elementor-image-box-img\"><img fetchpriority=\"high\" decoding=\"async\" width=\"870\" height=\"600\" src=\"https:\/\/grupoamen.org\/wp-content\/uploads\/2025\/09\/desarrollo-economico.webp\" class=\"attachment-full size-full wp-image-3434\" alt=\"\" srcset=\"https:\/\/grupoamen.org\/wp-content\/uploads\/2025\/09\/desarrollo-economico.webp 870w, https:\/\/grupoamen.org\/wp-content\/uploads\/2025\/09\/desarrollo-economico-300x207.webp 300w, https:\/\/grupoamen.org\/wp-content\/uploads\/2025\/09\/desarrollo-economico-768x530.webp 768w\" sizes=\"(max-width: 870px) 100vw, 870px\" \/><\/figure><div class=\"elementor-image-box-content\"><h5 class=\"elementor-image-box-title\"><br>Desarrollo econ\u00f3mico <\/h5><p class=\"elementor-image-box-description\"><br>Promovemos iniciativas que generan oportunidades econ\u00f3micas, apoyan a emprendedores y fortalecen el bienestar financiero de las comunidades para un crecimiento sostenible.<\/p><\/div><\/div>\t\t\t\t<\/div>\n\t\t\t\t<\/div>\n\t\t\t\t\t<\/div>\n\t\t<\/div>\n\t\t\t\t<div class=\"elementor-column elementor-col-25 elementor-top-column elementor-element elementor-element-ff76e12\" data-id=\"ff76e12\" data-element_type=\"column\" data-e-type=\"column\">\n\t\t\t<div class=\"elementor-widget-wrap elementor-element-populated\">\n\t\t\t\t\t\t<div class=\"elementor-element elementor-element-3cda5bc elementor-position-top elementor-widget elementor-widget-image-box\" data-id=\"3cda5bc\" data-element_type=\"widget\" data-e-type=\"widget\" data-widget_type=\"image-box.default\">\n\t\t\t\t<div class=\"elementor-widget-container\">\n\t\t\t\t\t<div class=\"elementor-image-box-wrapper\"><figure class=\"elementor-image-box-img\"><img decoding=\"async\" width=\"800\" height=\"600\" src=\"https:\/\/grupoamen.org\/wp-content\/uploads\/2025\/09\/Emprendimiento.webp\" class=\"attachment-full size-full wp-image-3435\" alt=\"\" srcset=\"https:\/\/grupoamen.org\/wp-content\/uploads\/2025\/09\/Emprendimiento.webp 800w, https:\/\/grupoamen.org\/wp-content\/uploads\/2025\/09\/Emprendimiento-300x225.webp 300w, https:\/\/grupoamen.org\/wp-content\/uploads\/2025\/09\/Emprendimiento-768x576.webp 768w\" sizes=\"(max-width: 800px) 100vw, 800px\" \/><\/figure><div class=\"elementor-image-box-content\"><h5 class=\"elementor-image-box-title\"><br>Emprendimiento<\/h5><p class=\"elementor-image-box-description\"><br>Fomentamos la creatividad y el talento para impulsar nuevos negocios y el esp\u00edritu emprendedor mediante programas de formaci\u00f3n y acompa\u00f1amiento que generan impacto positivo en la comunidad.\n<\/p><\/div><\/div>\t\t\t\t<\/div>\n\t\t\t\t<\/div>\n\t\t\t\t\t<\/div>\n\t\t<\/div>\n\t\t\t\t<div class=\"elementor-column elementor-col-25 elementor-top-column elementor-element elementor-element-d6a98fc\" data-id=\"d6a98fc\" data-element_type=\"column\" data-e-type=\"column\">\n\t\t\t<div class=\"elementor-widget-wrap elementor-element-populated\">\n\t\t\t\t\t\t<div class=\"elementor-element elementor-element-36b12d2 elementor-position-top elementor-widget elementor-widget-image-box\" data-id=\"36b12d2\" data-element_type=\"widget\" data-e-type=\"widget\" data-widget_type=\"image-box.default\">\n\t\t\t\t<div class=\"elementor-widget-container\">\n\t\t\t\t\t<div class=\"elementor-image-box-wrapper\"><figure class=\"elementor-image-box-img\"><img loading=\"lazy\" decoding=\"async\" width=\"477\" height=\"288\" src=\"https:\/\/grupoamen.org\/wp-content\/uploads\/2025\/09\/Asociatividad.webp\" class=\"attachment-full size-full wp-image-3436\" alt=\"\" srcset=\"https:\/\/grupoamen.org\/wp-content\/uploads\/2025\/09\/Asociatividad.webp 477w, https:\/\/grupoamen.org\/wp-content\/uploads\/2025\/09\/Asociatividad-300x181.webp 300w\" sizes=\"(max-width: 477px) 100vw, 477px\" \/><\/figure><div class=\"elementor-image-box-content\"><h5 class=\"elementor-image-box-title\"><br>Asociatividad<\/h5><p class=\"elementor-image-box-description\"><br>Impulsamos la uni\u00f3n y colaboraci\u00f3n para compartir recursos y experiencias, aprovechando las fortalezas de cada miembro y alcanzando objetivos comunes en beneficio de todos.<\/p><\/div><\/div>\t\t\t\t<\/div>\n\t\t\t\t<\/div>\n\t\t\t\t\t<\/div>\n\t\t<\/div>\n\t\t\t\t\t<\/div>\n\t\t<\/section>\n\t\t\t\t<section class=\"elementor-section elementor-top-section elementor-element elementor-element-e8b104b elementor-section-boxed elementor-section-height-default elementor-section-height-default\" data-id=\"e8b104b\" data-element_type=\"section\" data-e-type=\"section\">\n\t\t\t\t\t\t<div class=\"elementor-container elementor-column-gap-default\">\n\t\t\t\t\t<div class=\"elementor-column elementor-col-25 elementor-top-column elementor-element elementor-element-3d89edd\" data-id=\"3d89edd\" data-element_type=\"column\" data-e-type=\"column\">\n\t\t\t<div class=\"elementor-widget-wrap elementor-element-populated\">\n\t\t\t\t\t\t<div class=\"elementor-element elementor-element-09348f7 elementor-align-center elementor-widget elementor-widget-button\" data-id=\"09348f7\" data-element_type=\"widget\" data-e-type=\"widget\" data-widget_type=\"button.default\">\n\t\t\t\t<div class=\"elementor-widget-container\">\n\t\t\t\t\t\t\t\t\t<div class=\"elementor-button-wrapper\">\n\t\t\t\t\t<a class=\"elementor-button elementor-button-link elementor-size-sm\" href=\"https:\/\/grupoamen.org\/?page_id=3764\">\n\t\t\t\t\t\t<span class=\"elementor-button-content-wrapper\">\n\t\t\t\t\t\t\t\t\t<span class=\"elementor-button-text\">Conoce m\u00e1s<\/span>\n\t\t\t\t\t<\/span>\n\t\t\t\t\t<\/a>\n\t\t\t\t<\/div>\n\t\t\t\t\t\t\t\t<\/div>\n\t\t\t\t<\/div>\n\t\t\t\t\t<\/div>\n\t\t<\/div>\n\t\t\t\t<div class=\"elementor-column elementor-col-25 elementor-top-column elementor-element elementor-element-4537e33\" data-id=\"4537e33\" data-element_type=\"column\" data-e-type=\"column\">\n\t\t\t<div class=\"elementor-widget-wrap elementor-element-populated\">\n\t\t\t\t\t\t<div class=\"elementor-element elementor-element-fc3468b elementor-align-center elementor-widget elementor-widget-button\" data-id=\"fc3468b\" data-element_type=\"widget\" data-e-type=\"widget\" data-widget_type=\"button.default\">\n\t\t\t\t<div class=\"elementor-widget-container\">\n\t\t\t\t\t\t\t\t\t<div class=\"elementor-button-wrapper\">\n\t\t\t\t\t<a class=\"elementor-button elementor-button-link elementor-size-sm\" href=\"https:\/\/grupoamen.org\/?page_id=3323\">\n\t\t\t\t\t\t<span class=\"elementor-button-content-wrapper\">\n\t\t\t\t\t\t\t\t\t<span class=\"elementor-button-text\">Conoce m\u00e1s<\/span>\n\t\t\t\t\t<\/span>\n\t\t\t\t\t<\/a>\n\t\t\t\t<\/div>\n\t\t\t\t\t\t\t\t<\/div>\n\t\t\t\t<\/div>\n\t\t\t\t\t<\/div>\n\t\t<\/div>\n\t\t\t\t<div class=\"elementor-column elementor-col-25 elementor-top-column elementor-element elementor-element-0e86b2f\" data-id=\"0e86b2f\" data-element_type=\"column\" data-e-type=\"column\">\n\t\t\t<div class=\"elementor-widget-wrap elementor-element-populated\">\n\t\t\t\t\t\t<div class=\"elementor-element elementor-element-40eabaa elementor-align-center elementor-widget elementor-widget-button\" data-id=\"40eabaa\" data-element_type=\"widget\" data-e-type=\"widget\" data-widget_type=\"button.default\">\n\t\t\t\t<div class=\"elementor-widget-container\">\n\t\t\t\t\t\t\t\t\t<div class=\"elementor-button-wrapper\">\n\t\t\t\t\t<a class=\"elementor-button elementor-button-link elementor-size-sm\" href=\"https:\/\/grupoamen.org\/?page_id=3773\">\n\t\t\t\t\t\t<span class=\"elementor-button-content-wrapper\">\n\t\t\t\t\t\t\t\t\t<span class=\"elementor-button-text\">Conoce m\u00e1s<\/span>\n\t\t\t\t\t<\/span>\n\t\t\t\t\t<\/a>\n\t\t\t\t<\/div>\n\t\t\t\t\t\t\t\t<\/div>\n\t\t\t\t<\/div>\n\t\t\t\t\t<\/div>\n\t\t<\/div>\n\t\t\t\t<div class=\"elementor-column elementor-col-25 elementor-top-column elementor-element elementor-element-fef78e9\" data-id=\"fef78e9\" data-element_type=\"column\" data-e-type=\"column\">\n\t\t\t<div class=\"elementor-widget-wrap elementor-element-populated\">\n\t\t\t\t\t\t<div class=\"elementor-element elementor-element-d158fe1 elementor-align-center elementor-widget elementor-widget-button\" data-id=\"d158fe1\" data-element_type=\"widget\" data-e-type=\"widget\" data-widget_type=\"button.default\">\n\t\t\t\t<div class=\"elementor-widget-container\">\n\t\t\t\t\t\t\t\t\t<div class=\"elementor-button-wrapper\">\n\t\t\t\t\t<a class=\"elementor-button elementor-button-link elementor-size-sm\" href=\"https:\/\/grupoamen.org\/?page_id=3781\">\n\t\t\t\t\t\t<span class=\"elementor-button-content-wrapper\">\n\t\t\t\t\t\t\t\t\t<span class=\"elementor-button-text\">Conoce m\u00e1s<\/span>\n\t\t\t\t\t<\/span>\n\t\t\t\t\t<\/a>\n\t\t\t\t<\/div>\n\t\t\t\t\t\t\t\t<\/div>\n\t\t\t\t<\/div>\n\t\t\t\t\t<\/div>\n\t\t<\/div>\n\t\t\t\t\t<\/div>\n\t\t<\/section>\n\t\t\t\t<section class=\"elementor-section elementor-top-section elementor-element elementor-element-7c7ac76 elementor-section-boxed elementor-section-height-default elementor-section-height-default\" data-id=\"7c7ac76\" data-element_type=\"section\" data-e-type=\"section\">\n\t\t\t\t\t\t<div class=\"elementor-container elementor-column-gap-default\">\n\t\t\t\t\t<div class=\"elementor-column elementor-col-100 elementor-top-column elementor-element elementor-element-f86f2da\" data-id=\"f86f2da\" data-element_type=\"column\" data-e-type=\"column\">\n\t\t\t<div class=\"elementor-widget-wrap elementor-element-populated\">\n\t\t\t\t\t\t<div class=\"elementor-element elementor-element-c1e0ff7 elementor-widget elementor-widget-spacer\" data-id=\"c1e0ff7\" data-element_type=\"widget\" data-e-type=\"widget\" data-widget_type=\"spacer.default\">\n\t\t\t\t<div class=\"elementor-widget-container\">\n\t\t\t\t\t\t\t<div class=\"elementor-spacer\">\n\t\t\t<div class=\"elementor-spacer-inner\"><\/div>\n\t\t<\/div>\n\t\t\t\t\t\t<\/div>\n\t\t\t\t<\/div>\n\t\t\t\t\t<\/div>\n\t\t<\/div>\n\t\t\t\t\t<\/div>\n\t\t<\/section>\n\t\t\t\t<section class=\"elementor-section elementor-top-section elementor-element elementor-element-96461d8 elementor-section-boxed elementor-section-height-default elementor-section-height-default\" data-id=\"96461d8\" data-element_type=\"section\" data-e-type=\"section\">\n\t\t\t\t\t\t<div class=\"elementor-container elementor-column-gap-default\">\n\t\t\t\t\t<div class=\"elementor-column elementor-col-33 elementor-top-column elementor-element elementor-element-9eca15e\" data-id=\"9eca15e\" data-element_type=\"column\" data-e-type=\"column\">\n\t\t\t<div class=\"elementor-widget-wrap elementor-element-populated\">\n\t\t\t\t\t\t<div class=\"elementor-element elementor-element-8e968f0 elementor-position-top elementor-widget elementor-widget-image-box\" data-id=\"8e968f0\" data-element_type=\"widget\" data-e-type=\"widget\" data-widget_type=\"image-box.default\">\n\t\t\t\t<div class=\"elementor-widget-container\">\n\t\t\t\t\t<div class=\"elementor-image-box-wrapper\"><figure class=\"elementor-image-box-img\"><img loading=\"lazy\" decoding=\"async\" width=\"2121\" height=\"1414\" src=\"https:\/\/grupoamen.org\/wp-content\/uploads\/2025\/09\/agroindustria.webp\" class=\"attachment-full size-full wp-image-3437\" alt=\"\" srcset=\"https:\/\/grupoamen.org\/wp-content\/uploads\/2025\/09\/agroindustria.webp 2121w, https:\/\/grupoamen.org\/wp-content\/uploads\/2025\/09\/agroindustria-300x200.webp 300w, https:\/\/grupoamen.org\/wp-content\/uploads\/2025\/09\/agroindustria-1024x683.webp 1024w, https:\/\/grupoamen.org\/wp-content\/uploads\/2025\/09\/agroindustria-768x512.webp 768w, https:\/\/grupoamen.org\/wp-content\/uploads\/2025\/09\/agroindustria-1536x1024.webp 1536w, https:\/\/grupoamen.org\/wp-content\/uploads\/2025\/09\/agroindustria-2048x1365.webp 2048w, https:\/\/grupoamen.org\/wp-content\/uploads\/2025\/09\/agroindustria-930x620.webp 930w\" sizes=\"(max-width: 2121px) 100vw, 2121px\" \/><\/figure><div class=\"elementor-image-box-content\"><h5 class=\"elementor-image-box-title\">Agroindustria<\/h5><p class=\"elementor-image-box-description\"><br>Impulsamos el desarrollo agroindustrial sostenible, integrando tecnolog\u00eda y conocimiento para mejorar la producci\u00f3n y el valor agregado del sector rural.<\/p><\/div><\/div>\t\t\t\t<\/div>\n\t\t\t\t<\/div>\n\t\t\t\t\t<\/div>\n\t\t<\/div>\n\t\t\t\t<div class=\"elementor-column elementor-col-33 elementor-top-column elementor-element elementor-element-02d37d7\" data-id=\"02d37d7\" data-element_type=\"column\" data-e-type=\"column\">\n\t\t\t<div class=\"elementor-widget-wrap elementor-element-populated\">\n\t\t\t\t\t\t<div class=\"elementor-element elementor-element-5a8ac39 elementor-position-top elementor-widget elementor-widget-image-box\" data-id=\"5a8ac39\" data-element_type=\"widget\" data-e-type=\"widget\" data-widget_type=\"image-box.default\">\n\t\t\t\t<div class=\"elementor-widget-container\">\n\t\t\t\t\t<div class=\"elementor-image-box-wrapper\"><figure class=\"elementor-image-box-img\"><img loading=\"lazy\" decoding=\"async\" width=\"700\" height=\"478\" src=\"https:\/\/grupoamen.org\/wp-content\/uploads\/2025\/09\/reforestacion.webp\" class=\"attachment-full size-full wp-image-3439\" alt=\"Reforestacion\" srcset=\"https:\/\/grupoamen.org\/wp-content\/uploads\/2025\/09\/reforestacion.webp 700w, https:\/\/grupoamen.org\/wp-content\/uploads\/2025\/09\/reforestacion-300x205.webp 300w\" sizes=\"(max-width: 700px) 100vw, 700px\" \/><\/figure><div class=\"elementor-image-box-content\"><h5 class=\"elementor-image-box-title\">Reforestaci\u00f3n<\/h5><p class=\"elementor-image-box-description\"><br>Contribuimos a la recuperaci\u00f3n ambiental mediante proyectos de reforestaci\u00f3n que restauran ecosistemas y fomentan un entorno m\u00e1s saludable.<\/p><\/div><\/div>\t\t\t\t<\/div>\n\t\t\t\t<\/div>\n\t\t\t\t\t<\/div>\n\t\t<\/div>\n\t\t\t\t<div class=\"elementor-column elementor-col-33 elementor-top-column elementor-element elementor-element-9d76c35\" data-id=\"9d76c35\" data-element_type=\"column\" data-e-type=\"column\">\n\t\t\t<div class=\"elementor-widget-wrap elementor-element-populated\">\n\t\t\t\t\t\t<div class=\"elementor-element elementor-element-12fef8c elementor-position-top elementor-widget elementor-widget-image-box\" data-id=\"12fef8c\" data-element_type=\"widget\" data-e-type=\"widget\" data-widget_type=\"image-box.default\">\n\t\t\t\t<div class=\"elementor-widget-container\">\n\t\t\t\t\t<div class=\"elementor-image-box-wrapper\"><figure class=\"elementor-image-box-img\"><img loading=\"lazy\" decoding=\"async\" width=\"780\" height=\"565\" src=\"https:\/\/grupoamen.org\/wp-content\/uploads\/2025\/09\/ecoescuelas.webp\" class=\"attachment-full size-full wp-image-3433\" alt=\"Eco escuelas\" srcset=\"https:\/\/grupoamen.org\/wp-content\/uploads\/2025\/09\/ecoescuelas.webp 780w, https:\/\/grupoamen.org\/wp-content\/uploads\/2025\/09\/ecoescuelas-300x217.webp 300w, https:\/\/grupoamen.org\/wp-content\/uploads\/2025\/09\/ecoescuelas-768x556.webp 768w\" sizes=\"(max-width: 780px) 100vw, 780px\" \/><\/figure><div class=\"elementor-image-box-content\"><h5 class=\"elementor-image-box-title\">Eco - escuelas<\/h5><p class=\"elementor-image-box-description\"><br>Promovemos la educaci\u00f3n ambiental en escuelas para formar ciudadanos responsables que cuiden y protejan su entorno desde temprana edad.<\/p><\/div><\/div>\t\t\t\t<\/div>\n\t\t\t\t<\/div>\n\t\t\t\t\t<\/div>\n\t\t<\/div>\n\t\t\t\t\t<\/div>\n\t\t<\/section>\n\t\t\t\t<section class=\"elementor-section elementor-top-section elementor-element elementor-element-dfc5cd3 elementor-section-boxed elementor-section-height-default elementor-section-height-default\" data-id=\"dfc5cd3\" data-element_type=\"section\" data-e-type=\"section\">\n\t\t\t\t\t\t<div class=\"elementor-container elementor-column-gap-default\">\n\t\t\t\t\t<div class=\"elementor-column elementor-col-33 elementor-top-column elementor-element elementor-element-fed4e7f\" data-id=\"fed4e7f\" data-element_type=\"column\" data-e-type=\"column\">\n\t\t\t<div class=\"elementor-widget-wrap elementor-element-populated\">\n\t\t\t\t\t\t<div class=\"elementor-element elementor-element-bdc3573 elementor-align-center elementor-widget elementor-widget-button\" data-id=\"bdc3573\" data-element_type=\"widget\" data-e-type=\"widget\" data-widget_type=\"button.default\">\n\t\t\t\t<div class=\"elementor-widget-container\">\n\t\t\t\t\t\t\t\t\t<div class=\"elementor-button-wrapper\">\n\t\t\t\t\t<a class=\"elementor-button elementor-button-link elementor-size-sm\" href=\"https:\/\/grupoamen.org\/?page_id=3790\">\n\t\t\t\t\t\t<span class=\"elementor-button-content-wrapper\">\n\t\t\t\t\t\t\t\t\t<span class=\"elementor-button-text\">Conoce m\u00e1s<\/span>\n\t\t\t\t\t<\/span>\n\t\t\t\t\t<\/a>\n\t\t\t\t<\/div>\n\t\t\t\t\t\t\t\t<\/div>\n\t\t\t\t<\/div>\n\t\t\t\t\t<\/div>\n\t\t<\/div>\n\t\t\t\t<div class=\"elementor-column elementor-col-33 elementor-top-column elementor-element elementor-element-eeb22d0\" data-id=\"eeb22d0\" data-element_type=\"column\" data-e-type=\"column\">\n\t\t\t<div class=\"elementor-widget-wrap elementor-element-populated\">\n\t\t\t\t\t\t<div class=\"elementor-element elementor-element-c1779f6 elementor-align-center elementor-widget elementor-widget-button\" data-id=\"c1779f6\" data-element_type=\"widget\" data-e-type=\"widget\" data-widget_type=\"button.default\">\n\t\t\t\t<div class=\"elementor-widget-container\">\n\t\t\t\t\t\t\t\t\t<div class=\"elementor-button-wrapper\">\n\t\t\t\t\t<a class=\"elementor-button elementor-button-link elementor-size-sm\" href=\"https:\/\/grupoamen.org\/?page_id=3802\">\n\t\t\t\t\t\t<span class=\"elementor-button-content-wrapper\">\n\t\t\t\t\t\t\t\t\t<span class=\"elementor-button-text\">Conoce m\u00e1s<\/span>\n\t\t\t\t\t<\/span>\n\t\t\t\t\t<\/a>\n\t\t\t\t<\/div>\n\t\t\t\t\t\t\t\t<\/div>\n\t\t\t\t<\/div>\n\t\t\t\t\t<\/div>\n\t\t<\/div>\n\t\t\t\t<div class=\"elementor-column elementor-col-33 elementor-top-column elementor-element elementor-element-4b72cc9\" data-id=\"4b72cc9\" data-element_type=\"column\" data-e-type=\"column\">\n\t\t\t<div class=\"elementor-widget-wrap elementor-element-populated\">\n\t\t\t\t\t\t<div class=\"elementor-element elementor-element-febddcd elementor-align-center elementor-widget elementor-widget-button\" data-id=\"febddcd\" data-element_type=\"widget\" data-e-type=\"widget\" data-widget_type=\"button.default\">\n\t\t\t\t<div class=\"elementor-widget-container\">\n\t\t\t\t\t\t\t\t\t<div class=\"elementor-button-wrapper\">\n\t\t\t\t\t<a class=\"elementor-button elementor-button-link elementor-size-sm\" href=\"https:\/\/grupoamen.org\/?page_id=3810\">\n\t\t\t\t\t\t<span class=\"elementor-button-content-wrapper\">\n\t\t\t\t\t\t\t\t\t<span class=\"elementor-button-text\">Conoce m\u00e1s<\/span>\n\t\t\t\t\t<\/span>\n\t\t\t\t\t<\/a>\n\t\t\t\t<\/div>\n\t\t\t\t\t\t\t\t<\/div>\n\t\t\t\t<\/div>\n\t\t\t\t\t<\/div>\n\t\t<\/div>\n\t\t\t\t\t<\/div>\n\t\t<\/section>\n\t\t\t\t<section class=\"elementor-section elementor-top-section elementor-element elementor-element-01c1f5e elementor-section-boxed elementor-section-height-default elementor-section-height-default\" data-id=\"01c1f5e\" data-element_type=\"section\" data-e-type=\"section\">\n\t\t\t\t\t\t<div class=\"elementor-container elementor-column-gap-default\">\n\t\t\t\t\t<div class=\"elementor-column elementor-col-100 elementor-top-column elementor-element elementor-element-6cdad95\" data-id=\"6cdad95\" data-element_type=\"column\" data-e-type=\"column\">\n\t\t\t<div class=\"elementor-widget-wrap elementor-element-populated\">\n\t\t\t\t\t\t<div class=\"elementor-element elementor-element-effecf1 elementor-widget elementor-widget-spacer\" data-id=\"effecf1\" data-element_type=\"widget\" data-e-type=\"widget\" data-widget_type=\"spacer.default\">\n\t\t\t\t<div class=\"elementor-widget-container\">\n\t\t\t\t\t\t\t<div class=\"elementor-spacer\">\n\t\t\t<div class=\"elementor-spacer-inner\"><\/div>\n\t\t<\/div>\n\t\t\t\t\t\t<\/div>\n\t\t\t\t<\/div>\n\t\t\t\t\t<\/div>\n\t\t<\/div>\n\t\t\t\t\t<\/div>\n\t\t<\/section>\n\t\t\t\t<\/div>\n\t\t","protected":false},"excerpt":{"rendered":"<p>L\u00edneas de acci\u00f3n de proyectos Desarrollo comunitario Impulsamos el crecimiento sostenible de las comunidades mediante proyectos que fortalecen el tejido social, fomentan la participaci\u00f3n ciudadana y mejoran la calidad de vida de sus habitantes. Desarrollo econ\u00f3mico Promovemos iniciativas que generan oportunidades econ\u00f3micas, apoyan a emprendedores y fortalecen el bienestar financiero de las comunidades para un&hellip;&nbsp;<a href=\"https:\/\/grupoamen.org\/?page_id=3177\" rel=\"bookmark\">Leer m\u00e1s &raquo;<span class=\"screen-reader-text\">DV Proyectos l\u00edneas de acci\u00f3n<\/span><\/a><\/p>\n","protected":false},"author":1,"featured_media":0,"parent":0,"menu_order":0,"comment_status":"closed","ping_status":"closed","template":"page-templates\/template-pagebuilder-full-width.php","meta":{"neve_meta_sidebar":"","neve_meta_container":"","neve_meta_enable_content_width":"","neve_meta_content_width":0,"neve_meta_title_alignment":"","neve_meta_author_avatar":"","neve_post_elements_order":"","neve_meta_disable_header":"","neve_meta_disable_footer":"","neve_meta_disable_title":"","footnotes":""},"class_list":["post-3177","page","type-page","status-publish","hentry"],"_links":{"self":[{"href":"https:\/\/grupoamen.org\/index.php?rest_route=\/wp\/v2\/pages\/3177","targetHints":{"allow":["GET"]}}],"collection":[{"href":"https:\/\/grupoamen.org\/index.php?rest_route=\/wp\/v2\/pages"}],"about":[{"href":"https:\/\/grupoamen.org\/index.php?rest_route=\/wp\/v2\/types\/page"}],"author":[{"embeddable":true,"href":"https:\/\/grupoamen.org\/index.php?rest_route=\/wp\/v2\/users\/1"}],"replies":[{"embeddable":true,"href":"https:\/\/grupoamen.org\/index.php?rest_route=%2Fwp%2Fv2%2Fcomments&post=3177"}],"version-history":[{"count":199,"href":"https:\/\/grupoamen.org\/index.php?rest_route=\/wp\/v2\/pages\/3177\/revisions"}],"predecessor-version":[{"id":4399,"href":"https:\/\/grupoamen.org\/index.php?rest_route=\/wp\/v2\/pages\/3177\/revisions\/4399"}],"wp:attachment":[{"href":"https:\/\/grupoamen.org\/index.php?rest_route=%2Fwp%2Fv2%2Fmedia&parent=3177"}],"curies":[{"name":"wp","href":"https:\/\/api.w.org\/{rel}","templated":true}]}}